{"id":46471,"date":"2024-11-04T12:30:17","date_gmt":"2024-11-04T11:30:18","guid":{"rendered":"https:\/\/www.bridgewatercandles.nl\/?post_type=product&#038;p=46471"},"modified":"2024-12-12T17:24:02","modified_gmt":"2024-12-12T16:24:02","slug":"geschenkbox-sweet-grac-copy","status":"publish","type":"product","link":"https:\/\/www.bridgewatercandles.nl\/de\/produkt\/geschenkbox-sweet-grac-copy\/","title":{"rendered":"Geschenkbox Laundry Lin"},"content":{"rendered":"<div>Das Laundry Line Geschenkset: Frische in einer sch\u00f6nen Verpackung!<\/div>\n<div><\/div>\n<div>Dieses wunderbare Geschenkset enth\u00e4lt ein Laundry Line Dufts\u00e4ckchen, eine Laundry Line Votivkerze in einem eleganten Glas, Bridgewater Streichh\u00f6lzer und einen eleganten schwarzen Rahmen f\u00fcr das Dufts\u00e4ckchen. Dieses Geschenkpaket im Wert von 21,55 \u20ac ist perfekt f\u00fcr Geburtstage, Feiertage oder einfach, um jemandem eine Freude zu machen. Erf\u00fcllen Sie jeden Raum mit dem frischen, sauberen Duft von Laundry Line und schaffen Sie eine einladende Atmosph\u00e4re. Das ideale Geschenk f\u00fcr Liebhaber zeitloser, frischer D\u00fcfte!<\/div>\n","protected":false},"excerpt":{"rendered":"<p>Unser frischester Duft in einer Geschenkpackung &#8211; perfekt f\u00fcr Geburtstage, Feiertage, den Valentinstag oder einfach nur, um das Gef\u00fchl von Sauberkeit zu vermitteln, das man beim Waschen hat!<\/p>\n","protected":false},"featured_media":46479,"comment_status":"closed","ping_status":"closed","template":"","meta":[],"product_brand":[],"product_cat":[1131,1393,1499,1496,1644],"product_tag":[],"class_list":{"0":"post-46471","1":"product","2":"type-product","3":"status-publish","4":"has-post-thumbnail","6":"product_cat-bridgewater-de","7":"product_cat-geschenk-set","8":"product_cat-geschenkbox","9":"product_cat-geschenke","10":"product_cat-laundry-line-de","11":"pif-has-gallery","13":"first","14":"outofstock","15":"taxable","16":"shipping-taxable","17":"product-type-simple"},"_links":{"self":[{"href":"https:\/\/www.bridgewatercandles.nl\/de\/wp-json\/wp\/v2\/product\/46471","targetHints":{"allow":["GET"]}}],"collection":[{"href":"https:\/\/www.bridgewatercandles.nl\/de\/wp-json\/wp\/v2\/product"}],"about":[{"href":"https:\/\/www.bridgewatercandles.nl\/de\/wp-json\/wp\/v2\/types\/product"}],"replies":[{"embeddable":true,"href":"https:\/\/www.bridgewatercandles.nl\/de\/wp-json\/wp\/v2\/comments?post=46471"}],"wp:featuredmedia":[{"embeddable":true,"href":"https:\/\/www.bridgewatercandles.nl\/de\/wp-json\/wp\/v2\/media\/46479"}],"wp:attachment":[{"href":"https:\/\/www.bridgewatercandles.nl\/de\/wp-json\/wp\/v2\/media?parent=46471"}],"wp:term":[{"taxonomy":"product_brand","embeddable":true,"href":"https:\/\/www.bridgewatercandles.nl\/de\/wp-json\/wp\/v2\/product_brand?post=46471"},{"taxonomy":"product_cat","embeddable":true,"href":"https:\/\/www.bridgewatercandles.nl\/de\/wp-json\/wp\/v2\/product_cat?post=46471"},{"taxonomy":"product_tag","embeddable":true,"href":"https:\/\/www.bridgewatercandles.nl\/de\/wp-json\/wp\/v2\/product_tag?post=46471"}],"curies":[{"name":"wp","href":"https:\/\/api.w.org\/{rel}","templated":true}]}}