{"id":33339,"date":"2024-10-28T16:43:26","date_gmt":"2024-10-28T15:43:26","guid":{"rendered":"https:\/\/www.bridgewatercandles.nl\/?post_type=product&#038;p=33339"},"modified":"2025-12-04T18:30:53","modified_gmt":"2025-12-04T17:30:53","slug":"neues-raumspray-welcome-home-copy","status":"publish","type":"product","link":"https:\/\/www.bridgewatercandles.nl\/de\/produkt\/neues-raumspray-welcome-home-copy\/","title":{"rendered":"Neues Raumspray Welcome Home"},"content":{"rendered":"<p>Willkommen zu Hause! Zeit f\u00fcr die Familie mit Zimt, gemischt mit Pflaumen- und Apfelnoten.nEine schnelle M\u00f6glichkeit, Ihre Stimmung zu verbessern und in jedem Raum einen herrlichen Duft zu verteilen. Genie\u00dfen Sie sofortigen Duft mit nur einem Spray!<\/p>\n","protected":false},"excerpt":{"rendered":"<p>&#8222;Erfrischt jeden Raum mit Duft Soforteffekt bei nur einem Pumpsto\u00df<br \/><strong style=\"\"font-size: 14.4px;\"\">Duftfreisetzung<\/strong><span style=\"\"font-size: 14.4px;\"\">: direkt<\/span><br \/>\n<br \/><strong>Kopfnote: <\/strong>Lorbeerblatt &#038; Kiefer<br \/><strong>Herznote: <\/strong>Klee<br \/><strong>Basisnote: <\/strong> Tanne&#8220;<\/p>\n","protected":false},"featured_media":32455,"comment_status":"open","ping_status":"closed","template":"","meta":[],"product_brand":[],"product_cat":[1131,1752,1753,1164,1188],"product_tag":[],"class_list":{"0":"post-33339","1":"product","2":"type-product","3":"status-publish","4":"has-post-thumbnail","6":"product_cat-bridgewater-de","7":"product_cat-neues-raumspray","8":"product_cat-neues-raumspray-de","9":"product_cat-orientalisch-wuerzig","10":"product_cat-welcome-home-de","12":"first","13":"instock","14":"taxable","15":"shipping-taxable","16":"product-type-simple"},"_links":{"self":[{"href":"https:\/\/www.bridgewatercandles.nl\/de\/wp-json\/wp\/v2\/product\/33339","targetHints":{"allow":["GET"]}}],"collection":[{"href":"https:\/\/www.bridgewatercandles.nl\/de\/wp-json\/wp\/v2\/product"}],"about":[{"href":"https:\/\/www.bridgewatercandles.nl\/de\/wp-json\/wp\/v2\/types\/product"}],"replies":[{"embeddable":true,"href":"https:\/\/www.bridgewatercandles.nl\/de\/wp-json\/wp\/v2\/comments?post=33339"}],"wp:featuredmedia":[{"embeddable":true,"href":"https:\/\/www.bridgewatercandles.nl\/de\/wp-json\/wp\/v2\/media\/32455"}],"wp:attachment":[{"href":"https:\/\/www.bridgewatercandles.nl\/de\/wp-json\/wp\/v2\/media?parent=33339"}],"wp:term":[{"taxonomy":"product_brand","embeddable":true,"href":"https:\/\/www.bridgewatercandles.nl\/de\/wp-json\/wp\/v2\/product_brand?post=33339"},{"taxonomy":"product_cat","embeddable":true,"href":"https:\/\/www.bridgewatercandles.nl\/de\/wp-json\/wp\/v2\/product_cat?post=33339"},{"taxonomy":"product_tag","embeddable":true,"href":"https:\/\/www.bridgewatercandles.nl\/de\/wp-json\/wp\/v2\/product_tag?post=33339"}],"curies":[{"name":"wp","href":"https:\/\/api.w.org\/{rel}","templated":true}]}}