{"id":32139,"date":"2024-01-25T17:30:36","date_gmt":"2024-01-25T16:30:36","guid":{"rendered":"https:\/\/www.bridgewatercandles.nl\/product\/duftbeutel-hello-night\/"},"modified":"2025-12-07T23:30:19","modified_gmt":"2025-12-07T22:30:19","slug":"duftbeutel-hello-night","status":"publish","type":"product","link":"https:\/\/www.bridgewatercandles.nl\/de\/produkt\/duftbeutel-hello-night\/","title":{"rendered":"Duftbeutel Hello Night"},"content":{"rendered":"<p>Lassen Sie sich von einem Duft verzaubern, in dem Veilchen, Jasmin, Zedernholz und Amber harmonisch miteinander verschmelzen. Er f\u00e4ngt die Essenz der Nacht ein und f\u00e4ngt die Ruhe des Sonnenuntergangs ein. Unsere Duftbeutel verwenden speziell gemischte \u00d6le, die f\u00fcr maximale Festigkeit und Produktlebensdauer eingeschlossen sind. F\u00fcgen Sie \u00fcberall einen Hauch von Duft hinzu, indem Sie die Beutel in Schr\u00e4nke, Schubladen, Geschenke, Autos oder \u00c4hnliches stecken. Einfach sch\u00fctteln und den Duft genie\u00dfen!<\/p>\n","protected":false},"excerpt":{"rendered":"<p>&#8222;Genie\u00dfen Sie dieses einfache und schnelle Dufterlebnis im Zimmer, Schrank oder als Geschenk mit langanhaltendem Effekt.<br \/><strong style=\"\"font-size: 14.4px;\"\">Duftfreisetzung<\/strong><span style=\"\"font-size: 14.4px;\"\">: \u00b1 4 Monate<\/span><br \/>\n<br \/><strong>Kopfnote: <\/strong>Schwarzer Tee, Rum, Veilchenblatt<br \/><strong>Herznote: <\/strong>Jasmin, Zedernholz<br \/><strong>Basisnote: <\/strong> Benzoe, Karamell, Bernstein&#8220;<\/p>\n","protected":false},"featured_media":32137,"comment_status":"open","ping_status":"closed","template":"","meta":[],"product_brand":[],"product_cat":[1131,1149,1758],"product_tag":[],"class_list":{"0":"post-32139","1":"product","2":"type-product","3":"status-publish","4":"has-post-thumbnail","6":"product_cat-bridgewater-de","7":"product_cat-duftbeutel","8":"product_cat-hello-night-de","10":"first","11":"instock","12":"taxable","13":"shipping-taxable","14":"product-type-simple"},"_links":{"self":[{"href":"https:\/\/www.bridgewatercandles.nl\/de\/wp-json\/wp\/v2\/product\/32139","targetHints":{"allow":["GET"]}}],"collection":[{"href":"https:\/\/www.bridgewatercandles.nl\/de\/wp-json\/wp\/v2\/product"}],"about":[{"href":"https:\/\/www.bridgewatercandles.nl\/de\/wp-json\/wp\/v2\/types\/product"}],"replies":[{"embeddable":true,"href":"https:\/\/www.bridgewatercandles.nl\/de\/wp-json\/wp\/v2\/comments?post=32139"}],"wp:featuredmedia":[{"embeddable":true,"href":"https:\/\/www.bridgewatercandles.nl\/de\/wp-json\/wp\/v2\/media\/32137"}],"wp:attachment":[{"href":"https:\/\/www.bridgewatercandles.nl\/de\/wp-json\/wp\/v2\/media?parent=32139"}],"wp:term":[{"taxonomy":"product_brand","embeddable":true,"href":"https:\/\/www.bridgewatercandles.nl\/de\/wp-json\/wp\/v2\/product_brand?post=32139"},{"taxonomy":"product_cat","embeddable":true,"href":"https:\/\/www.bridgewatercandles.nl\/de\/wp-json\/wp\/v2\/product_cat?post=32139"},{"taxonomy":"product_tag","embeddable":true,"href":"https:\/\/www.bridgewatercandles.nl\/de\/wp-json\/wp\/v2\/product_tag?post=32139"}],"curies":[{"name":"wp","href":"https:\/\/api.w.org\/{rel}","templated":true}]}}