{"id":32133,"date":"2024-01-25T17:30:40","date_gmt":"2024-01-25T16:30:40","guid":{"rendered":"https:\/\/www.bridgewatercandles.nl\/product\/kerze-im-glas-klein-hello-night\/"},"modified":"2025-12-02T10:33:32","modified_gmt":"2025-12-02T09:33:32","slug":"kerze-im-glas-klein-hello-night","status":"publish","type":"product","link":"https:\/\/www.bridgewatercandles.nl\/de\/produkt\/kerze-im-glas-klein-hello-night\/","title":{"rendered":"Kerze im Glas Klein Hello Night"},"content":{"rendered":"<p>&#8222;Lassen Sie sich von einem Duft verzaubern, in dem Veilchen, Jasmin, Zedernholz und Amber harmonisch miteinander verschmelzen. Er f\u00e4ngt die Essenz der Nacht ein und f\u00e4ngt die Ruhe des Sonnenuntergangs ein. Die kleine Glaskerze bietet eine Brenndauer von bis zu 70 Stunden und erm\u00f6glicht es Ihnen, Ihr Zuhause auch in Zukunft gut riechen zu lassen. Wir entwerfen unsere Glaskerzen mit Blick auf die aktuellen Trends, um sicherzustellen, dass Ihre Kerze nicht nur gut riecht , sondern auch gut aussieht.<br \/>\n Z\u00fcnden Sie eine Kerze an und ern\u00e4hren Sie so ein Kind. Wenn Sie eine Glaskerze kaufen, kaufen Sie nicht nur einen Duft, sondern spenden auch eine Mahlzeit an ein Kind in Not. Die Bridgewater Candle Company arbeitet mit RiceBowls.org zusammen, um durch den Verkauf von D\u00fcften und Kerzen Waisenkindern auf der ganzen Welt Lebensmittel zur Verf\u00fcgung zu stellen. Lesen Sie unsere Geschichte, um mehr zu erfahren. &#8220;<\/p>\n","protected":false},"excerpt":{"rendered":"<p>&#8222;Duftkerze im Glas mit Soja-Wachs Mischung und Baumwolldocht<br \/><strong style=\"\"font-size: 14.4px;\"\">Brenndauer<\/strong><span style=\"\"font-size: 14.4px;\"\">: \u00b1 70 Stunden<\/span><br \/>\n<br \/><strong>Kopfnote: <\/strong>Schwarzer Tee, Rum, Veilchenblatt<br \/><strong>Herznote: <\/strong>Jasmin, Zedernholz<br \/><strong>Basisnote: <\/strong> Benzoe, Karamell, Bernstein&#8220;<\/p>\n","protected":false},"featured_media":32125,"comment_status":"open","ping_status":"closed","template":"","meta":[],"product_brand":[],"product_cat":[1131,1141,1758,1154,1145],"product_tag":[],"class_list":{"0":"post-32133","1":"product","2":"type-product","3":"status-publish","4":"has-post-thumbnail","6":"product_cat-bridgewater-de","7":"product_cat-frisch","8":"product_cat-hello-night-de","9":"product_cat-home-duft","10":"product_cat-kerze-im-glas-klein","12":"first","13":"instock","14":"taxable","15":"shipping-taxable","16":"product-type-simple"},"_links":{"self":[{"href":"https:\/\/www.bridgewatercandles.nl\/de\/wp-json\/wp\/v2\/product\/32133","targetHints":{"allow":["GET"]}}],"collection":[{"href":"https:\/\/www.bridgewatercandles.nl\/de\/wp-json\/wp\/v2\/product"}],"about":[{"href":"https:\/\/www.bridgewatercandles.nl\/de\/wp-json\/wp\/v2\/types\/product"}],"replies":[{"embeddable":true,"href":"https:\/\/www.bridgewatercandles.nl\/de\/wp-json\/wp\/v2\/comments?post=32133"}],"wp:featuredmedia":[{"embeddable":true,"href":"https:\/\/www.bridgewatercandles.nl\/de\/wp-json\/wp\/v2\/media\/32125"}],"wp:attachment":[{"href":"https:\/\/www.bridgewatercandles.nl\/de\/wp-json\/wp\/v2\/media?parent=32133"}],"wp:term":[{"taxonomy":"product_brand","embeddable":true,"href":"https:\/\/www.bridgewatercandles.nl\/de\/wp-json\/wp\/v2\/product_brand?post=32133"},{"taxonomy":"product_cat","embeddable":true,"href":"https:\/\/www.bridgewatercandles.nl\/de\/wp-json\/wp\/v2\/product_cat?post=32133"},{"taxonomy":"product_tag","embeddable":true,"href":"https:\/\/www.bridgewatercandles.nl\/de\/wp-json\/wp\/v2\/product_tag?post=32133"}],"curies":[{"name":"wp","href":"https:\/\/api.w.org\/{rel}","templated":true}]}}