{"id":32121,"date":"2024-01-25T17:30:45","date_gmt":"2024-01-25T16:30:45","guid":{"rendered":"https:\/\/www.bridgewatercandles.nl\/product\/kerze-im-glas-gross-hello-night\/"},"modified":"2025-12-02T12:33:53","modified_gmt":"2025-12-02T11:33:53","slug":"kerze-im-glas-gross-hello-night","status":"publish","type":"product","link":"https:\/\/www.bridgewatercandles.nl\/de\/produkt\/kerze-im-glas-gross-hello-night\/","title":{"rendered":"Kerze im Glas Gro\u00df Hello Night"},"content":{"rendered":"<p>&#8222;Lassen Sie sich von einem Duft verzaubern, in dem Veilchen, Jasmin, Zedernholz und Amber harmonisch miteinander verschmelzen. Er f\u00e4ngt die Essenz der Nacht ein und f\u00e4ngt die Ruhe des Sonnenuntergangs ein. Die gro\u00dfe Glaskerze bietet eine Brenndauer von bis zu 145 Stunden und erm\u00f6glicht es Ihnen, Ihr Zuhause ab jetzt richtig gut riechen zu lassen. Wir entwerfen unsere Glaskerzen immer mit Blick auf aktuelle Trends, um sicherzustellen, dass Ihre Kerze nicht nur gut riecht, sondern auch gut aussieht.<br \/>\nZ\u00fcnden Sie eine Kerze an und ern\u00e4hren Sie ein Kind. Wenn Sie eine Glaskerze kaufen, kaufen Sie nicht nur einen Duft, sondern spenden auch eine Mahlzeit an ein Kind in Not. Die Bridgewater Candle Company arbeitet mit RiceBowls.org zusammen, um Waisenkindern auf der ganzen Welt mit Lebensmitteln zu helfen &#8211; durch den Verkauf einer Vielzahl verschiedener D\u00fcfte und Kerzen. Lesen Sie unsere Geschichte, um mehr zu erfahren.&#8220;<\/p>\n","protected":false},"excerpt":{"rendered":"<p>&#8222;Duftkerze im Glas mit Soja-Wachs Mischung und Baumwolldocht<br \/><strong style=\"\"font-size: 14.4px;\"\">Brenndauer<\/strong><span style=\"\"font-size: 14.4px;\"\">: \u00b1 145 Stunden<\/span><br \/>\n<br \/><strong>Kopfnote: <\/strong>Schwarzer Tee, Rum, Veilchenblatt<br \/><strong>Herznote: <\/strong>Jasmin, Zedernholz<br \/><strong>Basisnote: <\/strong> Benzoe, Karamell, Bernstein&#8220;<\/p>\n","protected":false},"featured_media":32118,"comment_status":"open","ping_status":"closed","template":"","meta":[],"product_brand":[],"product_cat":[1131,1141,1758,1154,1144],"product_tag":[],"class_list":{"0":"post-32121","1":"product","2":"type-product","3":"status-publish","4":"has-post-thumbnail","6":"product_cat-bridgewater-de","7":"product_cat-frisch","8":"product_cat-hello-night-de","9":"product_cat-home-duft","10":"product_cat-kerze_im_glas-de","12":"first","13":"instock","14":"taxable","15":"shipping-taxable","16":"product-type-simple"},"_links":{"self":[{"href":"https:\/\/www.bridgewatercandles.nl\/de\/wp-json\/wp\/v2\/product\/32121","targetHints":{"allow":["GET"]}}],"collection":[{"href":"https:\/\/www.bridgewatercandles.nl\/de\/wp-json\/wp\/v2\/product"}],"about":[{"href":"https:\/\/www.bridgewatercandles.nl\/de\/wp-json\/wp\/v2\/types\/product"}],"replies":[{"embeddable":true,"href":"https:\/\/www.bridgewatercandles.nl\/de\/wp-json\/wp\/v2\/comments?post=32121"}],"wp:featuredmedia":[{"embeddable":true,"href":"https:\/\/www.bridgewatercandles.nl\/de\/wp-json\/wp\/v2\/media\/32118"}],"wp:attachment":[{"href":"https:\/\/www.bridgewatercandles.nl\/de\/wp-json\/wp\/v2\/media?parent=32121"}],"wp:term":[{"taxonomy":"product_brand","embeddable":true,"href":"https:\/\/www.bridgewatercandles.nl\/de\/wp-json\/wp\/v2\/product_brand?post=32121"},{"taxonomy":"product_cat","embeddable":true,"href":"https:\/\/www.bridgewatercandles.nl\/de\/wp-json\/wp\/v2\/product_cat?post=32121"},{"taxonomy":"product_tag","embeddable":true,"href":"https:\/\/www.bridgewatercandles.nl\/de\/wp-json\/wp\/v2\/product_tag?post=32121"}],"curies":[{"name":"wp","href":"https:\/\/api.w.org\/{rel}","templated":true}]}}