{"id":32114,"date":"2024-01-25T17:30:48","date_gmt":"2024-01-25T16:30:48","guid":{"rendered":"https:\/\/www.bridgewatercandles.nl\/product\/duftoel-hello-night\/"},"modified":"2025-11-19T14:31:11","modified_gmt":"2025-11-19T13:31:11","slug":"duftoel-hello-night","status":"publish","type":"product","link":"https:\/\/www.bridgewatercandles.nl\/de\/produkt\/duftoel-hello-night\/","title":{"rendered":"Duft\u00f6l Hello Night"},"content":{"rendered":"<p>Lassen Sie sich von einem Duft verzaubern, in dem Veilchen, Jasmin, Zedernholz und Amber harmonisch miteinander verschmelzen. Er f\u00e4ngt die Essenz der Nacht ein und f\u00e4ngt die Ruhe des Sonnenuntergangs ein. Kompaktes und effizientes Duft\u00f6l f\u00fcr Ihr Zuhause, das seinen frischen Duft in die Luft abgibt, wenn Sie es in einen Erw\u00e4rmer geben. Sie k\u00f6nnen diesen Sofortduft und seine Wirksamkeit ganz nach Ihrem Geschmack auf sich speziell anpassen. Perfekt f\u00fcr jeden, der gerne einen Raumduft hat, ohne daf\u00fcr eine Kerze anz\u00fcnden zu m\u00fcssen. Nutzen sie dieses \u00d6l mit unseren \u00d6lbrennern und Aroma Diffuser.<\/p>\n","protected":false},"excerpt":{"rendered":"<p>&#8222;Duft\u00f6l in Glasflasche &#8211; kann mit einem Erw\u00e4rmer der Aroma Diffuser genutzt werden<br \/><strong style=\"\"font-size: 14.4px;\"\">Duftfreisetzung<\/strong><span style=\"\"font-size: 14.4px;\"\">: \u00b1 80 Stunden<\/span><br \/>\n<br \/><strong>Kopfnote: <\/strong>Schwarzer Tee, Rum, Veilchenblatt<br \/><strong>Herznote: <\/strong>Jasmin, Zedernholz<br \/><strong>Basisnote: <\/strong> Benzoe, Karamell, Bernstein&#8220;<\/p>\n","protected":false},"featured_media":32106,"comment_status":"open","ping_status":"closed","template":"","meta":[],"product_brand":[],"product_cat":[1131,1146,1141,1758],"product_tag":[],"class_list":{"0":"post-32114","1":"product","2":"type-product","3":"status-publish","4":"has-post-thumbnail","6":"product_cat-bridgewater-de","7":"product_cat-duftoel","8":"product_cat-frisch","9":"product_cat-hello-night-de","11":"first","12":"instock","13":"taxable","14":"shipping-taxable","15":"product-type-simple"},"_links":{"self":[{"href":"https:\/\/www.bridgewatercandles.nl\/de\/wp-json\/wp\/v2\/product\/32114","targetHints":{"allow":["GET"]}}],"collection":[{"href":"https:\/\/www.bridgewatercandles.nl\/de\/wp-json\/wp\/v2\/product"}],"about":[{"href":"https:\/\/www.bridgewatercandles.nl\/de\/wp-json\/wp\/v2\/types\/product"}],"replies":[{"embeddable":true,"href":"https:\/\/www.bridgewatercandles.nl\/de\/wp-json\/wp\/v2\/comments?post=32114"}],"wp:featuredmedia":[{"embeddable":true,"href":"https:\/\/www.bridgewatercandles.nl\/de\/wp-json\/wp\/v2\/media\/32106"}],"wp:attachment":[{"href":"https:\/\/www.bridgewatercandles.nl\/de\/wp-json\/wp\/v2\/media?parent=32114"}],"wp:term":[{"taxonomy":"product_brand","embeddable":true,"href":"https:\/\/www.bridgewatercandles.nl\/de\/wp-json\/wp\/v2\/product_brand?post=32114"},{"taxonomy":"product_cat","embeddable":true,"href":"https:\/\/www.bridgewatercandles.nl\/de\/wp-json\/wp\/v2\/product_cat?post=32114"},{"taxonomy":"product_tag","embeddable":true,"href":"https:\/\/www.bridgewatercandles.nl\/de\/wp-json\/wp\/v2\/product_tag?post=32114"}],"curies":[{"name":"wp","href":"https:\/\/api.w.org\/{rel}","templated":true}]}}