{"id":32108,"date":"2024-01-25T17:30:51","date_gmt":"2024-01-25T16:30:51","guid":{"rendered":"https:\/\/www.bridgewatercandles.nl\/product\/duftwachs-hello-night\/"},"modified":"2025-11-27T17:42:19","modified_gmt":"2025-11-27T16:42:19","slug":"duftwachs-hello-night","status":"publish","type":"product","link":"https:\/\/www.bridgewatercandles.nl\/de\/produkt\/duftwachs-hello-night\/","title":{"rendered":"Duftwachs Hello Night"},"content":{"rendered":"<p>Lassen Sie sich von einem Duft verzaubern, in dem Veilchen, Jasmin, Zedernholz und Amber harmonisch miteinander verschmelzen. Er f\u00e4ngt die Essenz der Nacht ein und f\u00e4ngt die Ruhe des Sonnenuntergangs ein. Bringen Sie Ihren Lieblingsduft ganz einfach zu Ihnen nach Hause. Legen Sie einfach ein kleines Wachsst\u00fcck in einen Bridgewater-Wachsbrenner. Wenn das Wachs schmilzt, wird der Duft freigesetzt. Augen zu und genie\u00dfen! Duft h\u00e4lt bis zu 50-80 Stunden an. 6 Wachsquadrate enthalten.<\/p>\n","protected":false},"excerpt":{"rendered":"<p>&#8222;Schmelzen Sie diese Wachstst\u00fccke, lehnen Sie sich zur\u00fcck und genie\u00dfen Sie Ihr duftendes Zimmer.<br \/><strong style=\"\"font-size: 14.4px;\"\">Brenndauer<\/strong><span style=\"\"font-size: 14.4px;\"\">: 50-80 Stunden<\/span><br \/>\n<br \/><strong>Kopfnote: <\/strong>Schwarzer Tee, Rum, Veilchenblatt<br \/><strong>Herznote: <\/strong>Jasmin, Zedernholz<br \/><strong>Basisnote: <\/strong> Benzoe, Karamell, Bernstein&#8220;<\/p>\n","protected":false},"featured_media":32111,"comment_status":"open","ping_status":"closed","template":"","meta":[],"product_brand":[],"product_cat":[1131,1141,1758,1148],"product_tag":[],"class_list":{"0":"post-32108","1":"product","2":"type-product","3":"status-publish","4":"has-post-thumbnail","6":"product_cat-bridgewater-de","7":"product_cat-frisch","8":"product_cat-hello-night-de","9":"product_cat-waxbars","11":"first","12":"instock","13":"taxable","14":"shipping-taxable","15":"product-type-simple"},"_links":{"self":[{"href":"https:\/\/www.bridgewatercandles.nl\/de\/wp-json\/wp\/v2\/product\/32108","targetHints":{"allow":["GET"]}}],"collection":[{"href":"https:\/\/www.bridgewatercandles.nl\/de\/wp-json\/wp\/v2\/product"}],"about":[{"href":"https:\/\/www.bridgewatercandles.nl\/de\/wp-json\/wp\/v2\/types\/product"}],"replies":[{"embeddable":true,"href":"https:\/\/www.bridgewatercandles.nl\/de\/wp-json\/wp\/v2\/comments?post=32108"}],"wp:featuredmedia":[{"embeddable":true,"href":"https:\/\/www.bridgewatercandles.nl\/de\/wp-json\/wp\/v2\/media\/32111"}],"wp:attachment":[{"href":"https:\/\/www.bridgewatercandles.nl\/de\/wp-json\/wp\/v2\/media?parent=32108"}],"wp:term":[{"taxonomy":"product_brand","embeddable":true,"href":"https:\/\/www.bridgewatercandles.nl\/de\/wp-json\/wp\/v2\/product_brand?post=32108"},{"taxonomy":"product_cat","embeddable":true,"href":"https:\/\/www.bridgewatercandles.nl\/de\/wp-json\/wp\/v2\/product_cat?post=32108"},{"taxonomy":"product_tag","embeddable":true,"href":"https:\/\/www.bridgewatercandles.nl\/de\/wp-json\/wp\/v2\/product_tag?post=32108"}],"curies":[{"name":"wp","href":"https:\/\/api.w.org\/{rel}","templated":true}]}}