{"id":32090,"date":"2024-01-29T12:42:37","date_gmt":"2024-01-29T11:42:37","guid":{"rendered":"https:\/\/www.bridgewatercandles.nl\/product\/duftbeutel-amber-emerald\/"},"modified":"2025-12-05T15:32:46","modified_gmt":"2025-12-05T14:32:46","slug":"duftbeutel-amber-emerald","status":"publish","type":"product","link":"https:\/\/www.bridgewatercandles.nl\/de\/produkt\/duftbeutel-amber-emerald\/","title":{"rendered":"Duftbeutel Amber &#038; Emerald"},"content":{"rendered":"<p>Erleben Sie die Duftessenz einer romantischen Bergh\u00fctte am ersten Herbsttag mit einer Duftsymbiose aus Grapefruit, Geranie und Vetiver, die Sie auf einer Radtour umgeben von smaragdgr\u00fcnen H\u00fcgeln begleitet. Unsere Duftbeutel verwenden speziell gemischte \u00d6le, die f\u00fcr maximale Festigkeit und Produktlebensdauer eingeschlossen sind. F\u00fcgen Sie \u00fcberall einen Hauch von Duft hinzu, indem Sie die Beutel in Schr\u00e4nke, Schubladen, Geschenke, Autos oder \u00c4hnliches stecken. Einfach sch\u00fctteln und den Duft genie\u00dfen!<\/p>\n","protected":false},"excerpt":{"rendered":"<p>&#8222;Genie\u00dfen Sie dieses einfache und schnelle Dufterlebnis im Zimmer, Schrank oder als Geschenk mit langanhaltendem Effekt.<br \/><strong style=\"\"font-size: 14.4px;\"\">Duftfreisetzung<\/strong><span style=\"\"font-size: 14.4px;\"\">: \u00b1 4 Monate<\/span><br \/>\n<br \/><strong>Kopfnote: <\/strong>Grapefruit, Bergamot, Rozemarijn<br \/><strong>Herznote: <\/strong>Geranie<br \/><strong>Basisnote: <\/strong> Bernstein, Zypresse, Patchouli, Vetiver, Tonka&#8220;<\/p>\n","protected":false},"featured_media":32088,"comment_status":"open","ping_status":"closed","template":"","meta":[],"product_brand":[],"product_cat":[1755,1131,1149,1141],"product_tag":[],"class_list":{"0":"post-32090","1":"product","2":"type-product","3":"status-publish","4":"has-post-thumbnail","6":"product_cat-amber-emerald-de","7":"product_cat-bridgewater-de","8":"product_cat-duftbeutel","9":"product_cat-frisch","11":"first","12":"instock","13":"taxable","14":"shipping-taxable","15":"product-type-simple"},"_links":{"self":[{"href":"https:\/\/www.bridgewatercandles.nl\/de\/wp-json\/wp\/v2\/product\/32090","targetHints":{"allow":["GET"]}}],"collection":[{"href":"https:\/\/www.bridgewatercandles.nl\/de\/wp-json\/wp\/v2\/product"}],"about":[{"href":"https:\/\/www.bridgewatercandles.nl\/de\/wp-json\/wp\/v2\/types\/product"}],"replies":[{"embeddable":true,"href":"https:\/\/www.bridgewatercandles.nl\/de\/wp-json\/wp\/v2\/comments?post=32090"}],"wp:featuredmedia":[{"embeddable":true,"href":"https:\/\/www.bridgewatercandles.nl\/de\/wp-json\/wp\/v2\/media\/32088"}],"wp:attachment":[{"href":"https:\/\/www.bridgewatercandles.nl\/de\/wp-json\/wp\/v2\/media?parent=32090"}],"wp:term":[{"taxonomy":"product_brand","embeddable":true,"href":"https:\/\/www.bridgewatercandles.nl\/de\/wp-json\/wp\/v2\/product_brand?post=32090"},{"taxonomy":"product_cat","embeddable":true,"href":"https:\/\/www.bridgewatercandles.nl\/de\/wp-json\/wp\/v2\/product_cat?post=32090"},{"taxonomy":"product_tag","embeddable":true,"href":"https:\/\/www.bridgewatercandles.nl\/de\/wp-json\/wp\/v2\/product_tag?post=32090"}],"curies":[{"name":"wp","href":"https:\/\/api.w.org\/{rel}","templated":true}]}}