{"id":32084,"date":"2024-01-29T12:43:47","date_gmt":"2024-01-29T11:43:47","guid":{"rendered":"https:\/\/www.bridgewatercandles.nl\/product\/kerze-im-glas-klein-amber-emerald\/"},"modified":"2025-12-06T11:30:58","modified_gmt":"2025-12-06T10:30:58","slug":"kerze-im-glas-klein-amber-emerald","status":"publish","type":"product","link":"https:\/\/www.bridgewatercandles.nl\/de\/produkt\/kerze-im-glas-klein-amber-emerald\/","title":{"rendered":"Kerze im Glas Klein Amber &#038; Emerald"},"content":{"rendered":"<p>&#8222;Erleben Sie die Duftessenz einer romantischen Bergh\u00fctte am ersten Herbsttag mit einer Duftsymbiose aus Grapefruit, Geranie und Vetiver, die Sie auf einer Radtour umgeben von smaragdgr\u00fcnen H\u00fcgeln begleitet. Die kleine Glaskerze bietet eine Brenndauer von bis zu 70 Stunden und erm\u00f6glicht es Ihnen, Ihr Zuhause auch in Zukunft gut riechen zu lassen. Wir entwerfen unsere Glaskerzen mit Blick auf die aktuellen Trends, um sicherzustellen, dass Ihre Kerze nicht nur gut riecht, sondern auch gut aussieht.<br \/>\n Z\u00fcnden Sie eine Kerze an und ern\u00e4hren Sie so ein Kind. Wenn Sie eine Glaskerze kaufen, kaufen Sie nicht nur einen Duft, sondern spenden auch eine Mahlzeit an ein Kind in Not. Die Bridgewater Candle Company arbeitet mit RiceBowls.org zusammen, um durch den Verkauf von D\u00fcften und Kerzen Waisenkindern auf der ganzen Welt Lebensmittel zur Verf\u00fcgung zu stellen. Lesen Sie unsere Geschichte, um mehr zu erfahren. &#8220;<\/p>\n","protected":false},"excerpt":{"rendered":"<p>&#8222;Duftkerze im Glas mit Soja-Wachs Mischung und Baumwolldocht<br \/><strong style=\"\"font-size: 14.4px;\"\">Brenndauer<\/strong><span style=\"\"font-size: 14.4px;\"\">: \u00b1 70 Stunden<\/span><br \/>\n<br \/><strong>Kopfnote: <\/strong>Grapefruit, Bergamot, Rozemarijn<br \/><strong>Herznote: <\/strong>Geranie<br \/><strong>Basisnote: <\/strong> Bernstein, Zypresse, Patchouli, Vetiver, Tonka&#8220;<\/p>\n","protected":false},"featured_media":32082,"comment_status":"open","ping_status":"closed","template":"","meta":[],"product_brand":[],"product_cat":[1755,1131,1141,1145],"product_tag":[],"class_list":{"0":"post-32084","1":"product","2":"type-product","3":"status-publish","4":"has-post-thumbnail","6":"product_cat-amber-emerald-de","7":"product_cat-bridgewater-de","8":"product_cat-frisch","9":"product_cat-kerze-im-glas-klein","11":"first","12":"instock","13":"taxable","14":"shipping-taxable","15":"product-type-simple"},"_links":{"self":[{"href":"https:\/\/www.bridgewatercandles.nl\/de\/wp-json\/wp\/v2\/product\/32084","targetHints":{"allow":["GET"]}}],"collection":[{"href":"https:\/\/www.bridgewatercandles.nl\/de\/wp-json\/wp\/v2\/product"}],"about":[{"href":"https:\/\/www.bridgewatercandles.nl\/de\/wp-json\/wp\/v2\/types\/product"}],"replies":[{"embeddable":true,"href":"https:\/\/www.bridgewatercandles.nl\/de\/wp-json\/wp\/v2\/comments?post=32084"}],"wp:featuredmedia":[{"embeddable":true,"href":"https:\/\/www.bridgewatercandles.nl\/de\/wp-json\/wp\/v2\/media\/32082"}],"wp:attachment":[{"href":"https:\/\/www.bridgewatercandles.nl\/de\/wp-json\/wp\/v2\/media?parent=32084"}],"wp:term":[{"taxonomy":"product_brand","embeddable":true,"href":"https:\/\/www.bridgewatercandles.nl\/de\/wp-json\/wp\/v2\/product_brand?post=32084"},{"taxonomy":"product_cat","embeddable":true,"href":"https:\/\/www.bridgewatercandles.nl\/de\/wp-json\/wp\/v2\/product_cat?post=32084"},{"taxonomy":"product_tag","embeddable":true,"href":"https:\/\/www.bridgewatercandles.nl\/de\/wp-json\/wp\/v2\/product_tag?post=32084"}],"curies":[{"name":"wp","href":"https:\/\/api.w.org\/{rel}","templated":true}]}}