{"id":32060,"date":"2024-01-29T12:45:28","date_gmt":"2024-01-29T11:45:28","guid":{"rendered":"https:\/\/www.bridgewatercandles.nl\/product\/duftoel-amber-emerald\/"},"modified":"2025-11-19T14:31:16","modified_gmt":"2025-11-19T13:31:16","slug":"duftoel-amber-emerald","status":"publish","type":"product","link":"https:\/\/www.bridgewatercandles.nl\/de\/produkt\/duftoel-amber-emerald\/","title":{"rendered":"Duft\u00f6l Amber &#038; Emerald"},"content":{"rendered":"<p>Erleben Sie die Duftessenz einer romantischen Bergh\u00fctte am ersten Herbsttag mit einer Duftsymbiose aus Grapefruit, Geranie und Vetiver, die Sie auf einer Radtour umgeben von smaragdgr\u00fcnen H\u00fcgeln begleitet. Kompaktes und effizientes Duft\u00f6l f\u00fcr Ihr Zuhause, das seinen frischen Duft in die Luft abgibt, wenn Sie es in einen Erw\u00e4rmer geben. Sie k\u00f6nnen diesen Sofortduft und seine Wirksamkeit ganz nach Ihrem Geschmack auf sich speziell anpassen. Perfekt f\u00fcr jeden, der gerne einen Raumduft hat, ohne daf\u00fcr eine Kerze anz\u00fcnden zu m\u00fcssen. Nutzen sie dieses \u00d6l mit unseren \u00d6lbrennern und Aroma Diffuser.<\/p>\n","protected":false},"excerpt":{"rendered":"<p>&#8222;Duft\u00f6l in Glasflasche &#8211; kann mit einem Erw\u00e4rmer der Aroma Diffuser genutzt werden<br \/><strong style=\"\"font-size: 14.4px;\"\">Duftfreisetzung<\/strong><span style=\"\"font-size: 14.4px;\"\">: \u00b1 80 Stunden<\/span><br \/>\n<br \/><strong>Kopfnote: <\/strong>Grapefruit, Bergamot, Rozemarijn<br \/><strong>Herznote: <\/strong>Geranie<br \/><strong>Basisnote: <\/strong> Bernstein, Zypresse, Patchouli, Vetiver, Tonka&#8220;<\/p>\n","protected":false},"featured_media":32058,"comment_status":"open","ping_status":"closed","template":"","meta":[],"product_brand":[],"product_cat":[1755,1131,1146,1141],"product_tag":[],"class_list":{"0":"post-32060","1":"product","2":"type-product","3":"status-publish","4":"has-post-thumbnail","6":"product_cat-amber-emerald-de","7":"product_cat-bridgewater-de","8":"product_cat-duftoel","9":"product_cat-frisch","11":"first","12":"instock","13":"taxable","14":"shipping-taxable","15":"product-type-simple"},"_links":{"self":[{"href":"https:\/\/www.bridgewatercandles.nl\/de\/wp-json\/wp\/v2\/product\/32060","targetHints":{"allow":["GET"]}}],"collection":[{"href":"https:\/\/www.bridgewatercandles.nl\/de\/wp-json\/wp\/v2\/product"}],"about":[{"href":"https:\/\/www.bridgewatercandles.nl\/de\/wp-json\/wp\/v2\/types\/product"}],"replies":[{"embeddable":true,"href":"https:\/\/www.bridgewatercandles.nl\/de\/wp-json\/wp\/v2\/comments?post=32060"}],"wp:featuredmedia":[{"embeddable":true,"href":"https:\/\/www.bridgewatercandles.nl\/de\/wp-json\/wp\/v2\/media\/32058"}],"wp:attachment":[{"href":"https:\/\/www.bridgewatercandles.nl\/de\/wp-json\/wp\/v2\/media?parent=32060"}],"wp:term":[{"taxonomy":"product_brand","embeddable":true,"href":"https:\/\/www.bridgewatercandles.nl\/de\/wp-json\/wp\/v2\/product_brand?post=32060"},{"taxonomy":"product_cat","embeddable":true,"href":"https:\/\/www.bridgewatercandles.nl\/de\/wp-json\/wp\/v2\/product_cat?post=32060"},{"taxonomy":"product_tag","embeddable":true,"href":"https:\/\/www.bridgewatercandles.nl\/de\/wp-json\/wp\/v2\/product_tag?post=32060"}],"curies":[{"name":"wp","href":"https:\/\/api.w.org\/{rel}","templated":true}]}}