{"id":32042,"date":"2024-01-29T12:46:17","date_gmt":"2024-01-29T11:46:17","guid":{"rendered":"https:\/\/www.bridgewatercandles.nl\/product\/duft-sticks-amber-emerald\/"},"modified":"2025-11-27T17:40:12","modified_gmt":"2025-11-27T16:40:12","slug":"duft-sticks-amber-emerald","status":"publish","type":"product","link":"https:\/\/www.bridgewatercandles.nl\/de\/produkt\/duft-sticks-amber-emerald\/","title":{"rendered":"Duft Sticks Amber &#038; Emerald"},"content":{"rendered":"<p>Erleben Sie die Duftessenz einer romantischen Bergh\u00fctte am ersten Herbsttag mit einer Duftsymbiose aus Grapefruit, Geranie und Vetiver, die Sie auf einer Radtour umgeben von smaragdgr\u00fcnen H\u00fcgeln begleitet.nDieser kraftvolle Duft in einem neutralen Glasrohrdiffusor ist die perfekte Erg\u00e4nzung f\u00fcr Ihren Alltag. Unsere speziellen Faser-Sticks bieten doppelt so viel Duft wie herk\u00f6mmlicher Rattanr\u00f6hrchen, ohne dass Sie sie umdrehen m\u00fcssen! Nachdem der ganze Duft verbraucht ist, k\u00f6nnen Sie die Glasflasche auch als kleine Vase verwenden.<\/p>\n","protected":false},"excerpt":{"rendered":"<p>&#8222;Spezial Faser Duftsticks in moderner Glasvase, Umdrehen nicht erforderlich<br \/><strong style=\"\"font-size: 14.4px;\"\">Duftfreisetzung<\/strong><span style=\"\"font-size: 14.4px;\"\">: \u00b1 30 Tage<\/span><br \/>\n<br \/><strong>Kopfnote: <\/strong>Grapefruit, Bergamot, Rozemarijn<br \/><strong>Herznote: <\/strong>Geranie<br \/><strong>Basisnote: <\/strong> Bernstein, Zypresse, Patchouli, Vetiver, Tonka&#8220;<\/p>\n","protected":false},"featured_media":32040,"comment_status":"open","ping_status":"closed","template":"","meta":[],"product_brand":[],"product_cat":[1755,1147,1141],"product_tag":[],"class_list":{"0":"post-32042","1":"product","2":"type-product","3":"status-publish","4":"has-post-thumbnail","6":"product_cat-amber-emerald-de","7":"product_cat-duftsticks","8":"product_cat-frisch","10":"first","11":"instock","12":"taxable","13":"shipping-taxable","14":"product-type-simple"},"_links":{"self":[{"href":"https:\/\/www.bridgewatercandles.nl\/de\/wp-json\/wp\/v2\/product\/32042","targetHints":{"allow":["GET"]}}],"collection":[{"href":"https:\/\/www.bridgewatercandles.nl\/de\/wp-json\/wp\/v2\/product"}],"about":[{"href":"https:\/\/www.bridgewatercandles.nl\/de\/wp-json\/wp\/v2\/types\/product"}],"replies":[{"embeddable":true,"href":"https:\/\/www.bridgewatercandles.nl\/de\/wp-json\/wp\/v2\/comments?post=32042"}],"wp:featuredmedia":[{"embeddable":true,"href":"https:\/\/www.bridgewatercandles.nl\/de\/wp-json\/wp\/v2\/media\/32040"}],"wp:attachment":[{"href":"https:\/\/www.bridgewatercandles.nl\/de\/wp-json\/wp\/v2\/media?parent=32042"}],"wp:term":[{"taxonomy":"product_brand","embeddable":true,"href":"https:\/\/www.bridgewatercandles.nl\/de\/wp-json\/wp\/v2\/product_brand?post=32042"},{"taxonomy":"product_cat","embeddable":true,"href":"https:\/\/www.bridgewatercandles.nl\/de\/wp-json\/wp\/v2\/product_cat?post=32042"},{"taxonomy":"product_tag","embeddable":true,"href":"https:\/\/www.bridgewatercandles.nl\/de\/wp-json\/wp\/v2\/product_tag?post=32042"}],"curies":[{"name":"wp","href":"https:\/\/api.w.org\/{rel}","templated":true}]}}