{"id":32030,"date":"2024-01-29T12:47:06","date_gmt":"2024-01-29T11:47:06","guid":{"rendered":"https:\/\/www.bridgewatercandles.nl\/product\/duftwachs-amber-emerald\/"},"modified":"2025-11-27T17:42:23","modified_gmt":"2025-11-27T16:42:23","slug":"duftwachs-amber-emerald","status":"publish","type":"product","link":"https:\/\/www.bridgewatercandles.nl\/de\/produkt\/duftwachs-amber-emerald\/","title":{"rendered":"Duftwachs Amber &#038; Emerald"},"content":{"rendered":"<p>Erleben Sie die Duftessenz einer romantischen Bergh\u00fctte am ersten Herbsttag mit einer Duftsymbiose aus Grapefruit, Geranie und Vetiver, die Sie auf einer Radtour umgeben von smaragdgr\u00fcnen H\u00fcgeln begleitet.nBringen Sie Ihren Lieblingsduft ganz einfach zu Ihnen nach Hause. Legen Sie einfach ein kleines Wachsst\u00fcck in einen Bridgewater-Wachsbrenner. Wenn das Wachs schmilzt, wird der Duft freigesetzt. Augen zu und genie\u00dfen! Duft h\u00e4lt bis zu 50-80 Stunden an. 6 Wachs Quadrate enthalten.<\/p>\n","protected":false},"excerpt":{"rendered":"<p>&#8222;Schmelzen Sie diese Wachstst\u00fccke, lehnen Sie sich zur\u00fcck und genie\u00dfen Sie Ihr duftendes Zimmer.<br \/><strong style=\"\"font-size: 14.4px;\"\">Brenndauer<\/strong><span style=\"\"font-size: 14.4px;\"\">: 50-80 Stunden<\/span><br \/>\n<br \/><strong>Kopfnote: <\/strong>Grapefruit, Bergamot, Rozemarijn<br \/><strong>Herznote: <\/strong>Geranie<br \/><strong>Basisnote: <\/strong> Bernstein, Zypresse, Patchouli, Vetiver, Tonka&#8220;<\/p>\n","protected":false},"featured_media":0,"comment_status":"open","ping_status":"closed","template":"","meta":[],"product_brand":[],"product_cat":[1755,1131,1153,1148],"product_tag":[],"class_list":{"0":"post-32030","1":"product","2":"type-product","3":"status-publish","5":"product_cat-amber-emerald-de","6":"product_cat-bridgewater-de","7":"product_cat-holzig","8":"product_cat-waxbars","10":"first","11":"instock","12":"taxable","13":"shipping-taxable","14":"product-type-simple"},"_links":{"self":[{"href":"https:\/\/www.bridgewatercandles.nl\/de\/wp-json\/wp\/v2\/product\/32030","targetHints":{"allow":["GET"]}}],"collection":[{"href":"https:\/\/www.bridgewatercandles.nl\/de\/wp-json\/wp\/v2\/product"}],"about":[{"href":"https:\/\/www.bridgewatercandles.nl\/de\/wp-json\/wp\/v2\/types\/product"}],"replies":[{"embeddable":true,"href":"https:\/\/www.bridgewatercandles.nl\/de\/wp-json\/wp\/v2\/comments?post=32030"}],"wp:attachment":[{"href":"https:\/\/www.bridgewatercandles.nl\/de\/wp-json\/wp\/v2\/media?parent=32030"}],"wp:term":[{"taxonomy":"product_brand","embeddable":true,"href":"https:\/\/www.bridgewatercandles.nl\/de\/wp-json\/wp\/v2\/product_brand?post=32030"},{"taxonomy":"product_cat","embeddable":true,"href":"https:\/\/www.bridgewatercandles.nl\/de\/wp-json\/wp\/v2\/product_cat?post=32030"},{"taxonomy":"product_tag","embeddable":true,"href":"https:\/\/www.bridgewatercandles.nl\/de\/wp-json\/wp\/v2\/product_tag?post=32030"}],"curies":[{"name":"wp","href":"https:\/\/api.w.org\/{rel}","templated":true}]}}