{"id":31874,"date":"2024-10-09T14:34:12","date_gmt":"2024-10-09T12:34:12","guid":{"rendered":"https:\/\/www.bridgewatercandles.nl\/product\/neues-raumspray-afternoon-retreat\/"},"modified":"2025-12-04T13:32:54","modified_gmt":"2025-12-04T12:32:54","slug":"neues-raumspray-afternoon-retreat","status":"publish","type":"product","link":"https:\/\/www.bridgewatercandles.nl\/de\/produkt\/neues-raumspray-afternoon-retreat\/","title":{"rendered":"Neues Raumspray Afternoon Retreat"},"content":{"rendered":"<p>Lassen Sie sich in ein Bett aus weichem Moos, Teakholz, Sandelholz und Bernstein fallen, w\u00e4hrend eine leichte Brise frischer Bergamotte und Limette in der Luft liegt.nEine schnelle M\u00f6glichkeit, Ihre Stimmung zu verbessern und in jedem Raum einen herrlichen Duft zu verteilen. Genie\u00dfen Sie sofortigen Duft mit nur einem Spray!<\/p>\n","protected":false},"excerpt":{"rendered":"<p>&#8222;Erfrischt jeden Raum mit Duft Soforteffekt bei nur einem Pumpsto\u00df<br \/><strong style=\"\"font-size: 14.4px;\"\">Duftfreisetzung<\/strong><span style=\"\"font-size: 14.4px;\"\">: direkt<\/span><br \/>\n<br \/><strong>Kopfnote: <\/strong>Mandarine &#038; Bergamotte <br \/><strong>Herznote: <\/strong>Limette &#038; Moos<br \/><strong>Basisnote: <\/strong> Anis &#038; Geranie&#8220;<\/p>\n","protected":false},"featured_media":0,"comment_status":"open","ping_status":"closed","template":"","meta":[],"product_brand":[],"product_cat":[1121,1131,1154,1752,1753],"product_tag":[],"class_list":{"0":"post-31874","1":"product","2":"type-product","3":"status-publish","5":"product_cat-afternoon-retreat-de","6":"product_cat-bridgewater-de","7":"product_cat-home-duft","8":"product_cat-neues-raumspray","9":"product_cat-neues-raumspray-de","11":"first","12":"instock","13":"taxable","14":"shipping-taxable","15":"product-type-simple"},"_links":{"self":[{"href":"https:\/\/www.bridgewatercandles.nl\/de\/wp-json\/wp\/v2\/product\/31874","targetHints":{"allow":["GET"]}}],"collection":[{"href":"https:\/\/www.bridgewatercandles.nl\/de\/wp-json\/wp\/v2\/product"}],"about":[{"href":"https:\/\/www.bridgewatercandles.nl\/de\/wp-json\/wp\/v2\/types\/product"}],"replies":[{"embeddable":true,"href":"https:\/\/www.bridgewatercandles.nl\/de\/wp-json\/wp\/v2\/comments?post=31874"}],"wp:attachment":[{"href":"https:\/\/www.bridgewatercandles.nl\/de\/wp-json\/wp\/v2\/media?parent=31874"}],"wp:term":[{"taxonomy":"product_brand","embeddable":true,"href":"https:\/\/www.bridgewatercandles.nl\/de\/wp-json\/wp\/v2\/product_brand?post=31874"},{"taxonomy":"product_cat","embeddable":true,"href":"https:\/\/www.bridgewatercandles.nl\/de\/wp-json\/wp\/v2\/product_cat?post=31874"},{"taxonomy":"product_tag","embeddable":true,"href":"https:\/\/www.bridgewatercandles.nl\/de\/wp-json\/wp\/v2\/product_tag?post=31874"}],"curies":[{"name":"wp","href":"https:\/\/api.w.org\/{rel}","templated":true}]}}