{"id":31873,"date":"2024-10-09T14:34:15","date_gmt":"2024-10-09T12:34:15","guid":{"rendered":"https:\/\/www.bridgewatercandles.nl\/product\/new-roomspray-kiss-in-the-rain\/"},"modified":"2025-12-07T21:31:10","modified_gmt":"2025-12-07T20:31:10","slug":"new-roomspray-kiss-in-the-rain","status":"publish","type":"product","link":"https:\/\/www.bridgewatercandles.nl\/de\/produkt\/new-roomspray-kiss-in-the-rain\/","title":{"rendered":"Neues Raumspray Kiss in the Rain"},"content":{"rendered":"<p>Diesen unbestreitbar magische Moment, in dem man sich ineinander verliert, w\u00e4hrend die Funken bei einer vertr\u00e4umten Umarmung nur so spr\u00fchen. Ein leidenschaftlicher Nebel aus schwarzen Johannisbeeren, Himbeeren und Erdbeeren zerstreut sich in ein blumiges Netz aus weicher Rose und Veilchen. Die Chemie dieses duftenden Erlebnisses ist unvergesslich und wird sanft mit einer Basis aus Vanilleholz, Bernstein und Moschus veredelt.nEine schnelle M\u00f6glichkeit, Ihre Stimmung zu verbessern und in jedem Raum einen herrlichen Duft zu verteilen. Genie\u00dfen Sie sofortigen Duft mit nur einem Spray!<\/p>\n","protected":false},"excerpt":{"rendered":"<p>&#8222;Erfrischt jeden Raum mit Duft Soforteffekt bei nur einem Pumpsto\u00df<br \/><strong style=\"\"font-size: 14.4px;\"\">Duftfreisetzung<\/strong><span style=\"\"font-size: 14.4px;\"\">: direkt<\/span><br \/>\n<br \/><strong>Kopfnote: <\/strong>Schwarze Johannisbeere, Himbeere &#038; Erdbeere <br \/><strong>Herznote: <\/strong>Rose &#038; Veilchen<br \/><strong>Basisnote: <\/strong> Vanille, Amber &#038; Moschus&#8220;<\/p>\n","protected":false},"featured_media":0,"comment_status":"open","ping_status":"closed","template":"","meta":[],"product_brand":[],"product_cat":[1131,1142,1154,1156,1753,1752],"product_tag":[],"class_list":{"0":"post-31873","1":"product","2":"type-product","3":"status-publish","5":"product_cat-bridgewater-de","6":"product_cat-fruchtig","7":"product_cat-home-duft","8":"product_cat-kiss-in-the-rain-de","9":"product_cat-neues-raumspray-de","10":"product_cat-neues-raumspray","12":"first","13":"instock","14":"taxable","15":"shipping-taxable","16":"product-type-simple"},"_links":{"self":[{"href":"https:\/\/www.bridgewatercandles.nl\/de\/wp-json\/wp\/v2\/product\/31873","targetHints":{"allow":["GET"]}}],"collection":[{"href":"https:\/\/www.bridgewatercandles.nl\/de\/wp-json\/wp\/v2\/product"}],"about":[{"href":"https:\/\/www.bridgewatercandles.nl\/de\/wp-json\/wp\/v2\/types\/product"}],"replies":[{"embeddable":true,"href":"https:\/\/www.bridgewatercandles.nl\/de\/wp-json\/wp\/v2\/comments?post=31873"}],"wp:attachment":[{"href":"https:\/\/www.bridgewatercandles.nl\/de\/wp-json\/wp\/v2\/media?parent=31873"}],"wp:term":[{"taxonomy":"product_brand","embeddable":true,"href":"https:\/\/www.bridgewatercandles.nl\/de\/wp-json\/wp\/v2\/product_brand?post=31873"},{"taxonomy":"product_cat","embeddable":true,"href":"https:\/\/www.bridgewatercandles.nl\/de\/wp-json\/wp\/v2\/product_cat?post=31873"},{"taxonomy":"product_tag","embeddable":true,"href":"https:\/\/www.bridgewatercandles.nl\/de\/wp-json\/wp\/v2\/product_tag?post=31873"}],"curies":[{"name":"wp","href":"https:\/\/api.w.org\/{rel}","templated":true}]}}