{"id":28923,"date":"2023-08-17T11:30:59","date_gmt":"2023-08-17T09:30:59","guid":{"rendered":"https:\/\/www.bridgewatercandles.nl\/product\/scented-sachet-melon-pop\/"},"modified":"2025-12-03T17:31:32","modified_gmt":"2025-12-03T16:31:32","slug":"scented-sachet-melon-pop","status":"publish","type":"product","link":"https:\/\/www.bridgewatercandles.nl\/de\/produkt\/scented-sachet-melon-pop\/","title":{"rendered":"Duftbeutel Melon Pop"},"content":{"rendered":"<p>Melon Pop ist ein Genuss f\u00fcr Ihre Sinne. Genie\u00dfen Sie die einzigartige Mischung aus Gurke, Wassermelone, Erdbeere und Himbeere, die an die Sommer-Tage mit einem erfrischenden Eis am Stiel erinnert. Lassen Sie Ihre Sinne tanzen, w\u00e4hrend dieser perfekt fruchtige Mix Sie auf eine geschmacksintensive Reise mitnimmt.<br \/>\nUnsere Duftbeutel verwenden speziell gemischte \u00d6le, die f\u00fcr maximale Festigkeit und Produktlebensdauer eingeschlossen sind. F\u00fcgen Sie \u00fcberall einen Hauch von Duft hinzu, indem Sie die Beutel in Schr\u00e4nke, Schubladen, Geschenke, Autos oder \u00c4hnliches stecken. Einfach sch\u00fctteln und den Duft genie\u00dfen!<\/p>\n","protected":false},"excerpt":{"rendered":"<p>Genie\u00dfen Sie dieses einfache und schnelle Dufterlebnis im Zimmer, Schrank oder als Geschenk mit langanhaltendem Effekt.<br \/><strong style=\"font-size: 14.4px;\">Duftfreisetzung<\/strong><span style=\"font-size: 14.4px;\">: \u00b1 4 Monate<\/span><br \/>\n<br \/><strong>Kopfnote: <\/strong>Gurke, Wassermelone<br \/><strong>Herznote: <\/strong>Veilchenblatt, Ozon<br \/><strong>Basisnote: <\/strong> Erdbeere, Himbeere, Moschus<\/p>\n","protected":false},"featured_media":32257,"comment_status":"open","ping_status":"closed","template":"","meta":[],"product_brand":[],"product_cat":[1131,1149,1142,1712],"product_tag":[],"class_list":{"0":"post-28923","1":"product","2":"type-product","3":"status-publish","4":"has-post-thumbnail","6":"product_cat-bridgewater-de","7":"product_cat-duftbeutel","8":"product_cat-fruchtig","9":"product_cat-melon-pop-de","11":"first","12":"instock","13":"taxable","14":"shipping-taxable","15":"product-type-simple"},"_links":{"self":[{"href":"https:\/\/www.bridgewatercandles.nl\/de\/wp-json\/wp\/v2\/product\/28923","targetHints":{"allow":["GET"]}}],"collection":[{"href":"https:\/\/www.bridgewatercandles.nl\/de\/wp-json\/wp\/v2\/product"}],"about":[{"href":"https:\/\/www.bridgewatercandles.nl\/de\/wp-json\/wp\/v2\/types\/product"}],"replies":[{"embeddable":true,"href":"https:\/\/www.bridgewatercandles.nl\/de\/wp-json\/wp\/v2\/comments?post=28923"}],"wp:featuredmedia":[{"embeddable":true,"href":"https:\/\/www.bridgewatercandles.nl\/de\/wp-json\/wp\/v2\/media\/32257"}],"wp:attachment":[{"href":"https:\/\/www.bridgewatercandles.nl\/de\/wp-json\/wp\/v2\/media?parent=28923"}],"wp:term":[{"taxonomy":"product_brand","embeddable":true,"href":"https:\/\/www.bridgewatercandles.nl\/de\/wp-json\/wp\/v2\/product_brand?post=28923"},{"taxonomy":"product_cat","embeddable":true,"href":"https:\/\/www.bridgewatercandles.nl\/de\/wp-json\/wp\/v2\/product_cat?post=28923"},{"taxonomy":"product_tag","embeddable":true,"href":"https:\/\/www.bridgewatercandles.nl\/de\/wp-json\/wp\/v2\/product_tag?post=28923"}],"curies":[{"name":"wp","href":"https:\/\/api.w.org\/{rel}","templated":true}]}}