{"id":28921,"date":"2023-08-21T15:34:21","date_gmt":"2023-08-21T13:34:21","guid":{"rendered":"https:\/\/www.bridgewatercandles.nl\/product\/wax-bar-melon-pop\/"},"modified":"2025-11-27T17:42:09","modified_gmt":"2025-11-27T16:42:09","slug":"wax-bar-melon-pop","status":"publish","type":"product","link":"https:\/\/www.bridgewatercandles.nl\/de\/produkt\/wax-bar-melon-pop\/","title":{"rendered":"Duftwachs Melon Pop"},"content":{"rendered":"<p>Melon Pop ist ein Genuss f\u00fcr Ihre Sinne. Genie\u00dfen Sie die einzigartige Mischung aus Gurke, Wassermelone, Erdbeere und Himbeere, die an die Sommer-Tage mit einem erfrischenden Eis am Stiel erinnert. Lassen Sie Ihre Sinne tanzen, w\u00e4hrend dieser perfekt fruchtige Mix Sie auf eine geschmacksintensive Reise mitnimmt.<br \/>\nBringen Sie Ihren Lieblingsduft ganz einfach zu Ihnen nach Hause. Legen Sie einfach ein kleines Wachsst\u00fcck in einen Bridgewater-Wachsbrenner. Wenn das Wachs schmilzt, wird der Duft freigesetzt. Augen zu und genie\u00dfen! Duft h\u00e4lt bis zu 50-80 Stunden an. 6 Wachs Quadrate enthalten.<\/p>\n","protected":false},"excerpt":{"rendered":"<p>Schmelzen Sie diese Wachstst\u00fccke, lehnen Sie sich zur\u00fcck und genie\u00dfen Sie Ihr duftendes Zimmer.<br \/><strong style=\"font-size: 14.4px;\">Brenndauer<\/strong><span style=\"font-size: 14.4px;\">: 50-80 Stunden<\/span><br \/>\n<br \/><strong>Kopfnote: <\/strong>Gurke, Wassermelone<br \/><strong>Herznote: <\/strong>Veilchenblatt, Ozon<br \/><strong>Basisnote: <\/strong> Erdbeere, Himbeere, Moschus<\/p>\n","protected":false},"featured_media":28790,"comment_status":"open","ping_status":"closed","template":"","meta":[],"product_brand":[],"product_cat":[1131,1142,1712,1148],"product_tag":[],"class_list":{"0":"post-28921","1":"product","2":"type-product","3":"status-publish","4":"has-post-thumbnail","6":"product_cat-bridgewater-de","7":"product_cat-fruchtig","8":"product_cat-melon-pop-de","9":"product_cat-waxbars","11":"first","12":"instock","13":"taxable","14":"shipping-taxable","15":"product-type-simple"},"_links":{"self":[{"href":"https:\/\/www.bridgewatercandles.nl\/de\/wp-json\/wp\/v2\/product\/28921","targetHints":{"allow":["GET"]}}],"collection":[{"href":"https:\/\/www.bridgewatercandles.nl\/de\/wp-json\/wp\/v2\/product"}],"about":[{"href":"https:\/\/www.bridgewatercandles.nl\/de\/wp-json\/wp\/v2\/types\/product"}],"replies":[{"embeddable":true,"href":"https:\/\/www.bridgewatercandles.nl\/de\/wp-json\/wp\/v2\/comments?post=28921"}],"wp:featuredmedia":[{"embeddable":true,"href":"https:\/\/www.bridgewatercandles.nl\/de\/wp-json\/wp\/v2\/media\/28790"}],"wp:attachment":[{"href":"https:\/\/www.bridgewatercandles.nl\/de\/wp-json\/wp\/v2\/media?parent=28921"}],"wp:term":[{"taxonomy":"product_brand","embeddable":true,"href":"https:\/\/www.bridgewatercandles.nl\/de\/wp-json\/wp\/v2\/product_brand?post=28921"},{"taxonomy":"product_cat","embeddable":true,"href":"https:\/\/www.bridgewatercandles.nl\/de\/wp-json\/wp\/v2\/product_cat?post=28921"},{"taxonomy":"product_tag","embeddable":true,"href":"https:\/\/www.bridgewatercandles.nl\/de\/wp-json\/wp\/v2\/product_tag?post=28921"}],"curies":[{"name":"wp","href":"https:\/\/api.w.org\/{rel}","templated":true}]}}