{"id":28912,"date":"2023-08-22T17:34:36","date_gmt":"2023-08-22T15:34:36","guid":{"rendered":"https:\/\/www.bridgewatercandles.nl\/product\/fragrance-oil-melon-pop\/"},"modified":"2025-10-28T09:33:31","modified_gmt":"2025-10-28T08:33:31","slug":"fragrance-oil-melon-pop","status":"publish","type":"product","link":"https:\/\/www.bridgewatercandles.nl\/de\/produkt\/fragrance-oil-melon-pop\/","title":{"rendered":"Duft\u00f6l Melon Pop"},"content":{"rendered":"<p>Melon Pop ist ein Genuss f\u00fcr Ihre Sinne. Genie\u00dfen Sie die einzigartige Mischung aus Gurke, Wassermelone, Erdbeere und Himbeere, die an die Sommer-Tage mit einem erfrischenden Eis am Stiel erinnert. Lassen Sie Ihre Sinne tanzen, w\u00e4hrend dieser perfekt fruchtige Mix Sie auf eine geschmacksintensive Reise mitnimmt.<br \/>\nKompaktes und effizientes Duft\u00f6l f\u00fcr Ihr Zuhause, das seinen frischen Duft in die Luft abgibt, wenn Sie es in einen Erw\u00e4rmer geben. Sie k\u00f6nnen diesen Sofortduft und seine Wirksamkeit ganz nach Ihrem Geschmack auf sich speziell anpassen. Perfekt f\u00fcr jeden, der gerne einen Raumduft hat, ohne daf\u00fcr eine Kerze anz\u00fcnden zu m\u00fcssen. Nutzen sie dieses \u00d6l mit unseren \u00d6lbrennern und Aroma Diffuser.<\/p>\n","protected":false},"excerpt":{"rendered":"<p>Duft\u00f6l in Glasflasche &#8211; kann mit einem Erw\u00e4rmer der Aroma Diffuser genutzt werden<br \/><strong style=\"font-size: 14.4px;\">Duftfreisetzung<\/strong><span style=\"font-size: 14.4px;\">: \u00b1 80 Stunden<\/span><br \/>\n<br \/><strong>Kopfnote: <\/strong>Gurke, Wassermelone<br \/><strong>Herznote: <\/strong>Veilchenblatt, Ozon<br \/><strong>Basisnote: <\/strong> Erdbeere, Himbeere, Moschus<\/p>\n","protected":false},"featured_media":28741,"comment_status":"open","ping_status":"closed","template":"","meta":[],"product_brand":[],"product_cat":[1131,1146,1142,1712],"product_tag":[],"class_list":{"0":"post-28912","1":"product","2":"type-product","3":"status-publish","4":"has-post-thumbnail","6":"product_cat-bridgewater-de","7":"product_cat-duftoel","8":"product_cat-fruchtig","9":"product_cat-melon-pop-de","11":"first","12":"instock","13":"taxable","14":"shipping-taxable","15":"product-type-simple"},"_links":{"self":[{"href":"https:\/\/www.bridgewatercandles.nl\/de\/wp-json\/wp\/v2\/product\/28912","targetHints":{"allow":["GET"]}}],"collection":[{"href":"https:\/\/www.bridgewatercandles.nl\/de\/wp-json\/wp\/v2\/product"}],"about":[{"href":"https:\/\/www.bridgewatercandles.nl\/de\/wp-json\/wp\/v2\/types\/product"}],"replies":[{"embeddable":true,"href":"https:\/\/www.bridgewatercandles.nl\/de\/wp-json\/wp\/v2\/comments?post=28912"}],"wp:featuredmedia":[{"embeddable":true,"href":"https:\/\/www.bridgewatercandles.nl\/de\/wp-json\/wp\/v2\/media\/28741"}],"wp:attachment":[{"href":"https:\/\/www.bridgewatercandles.nl\/de\/wp-json\/wp\/v2\/media?parent=28912"}],"wp:term":[{"taxonomy":"product_brand","embeddable":true,"href":"https:\/\/www.bridgewatercandles.nl\/de\/wp-json\/wp\/v2\/product_brand?post=28912"},{"taxonomy":"product_cat","embeddable":true,"href":"https:\/\/www.bridgewatercandles.nl\/de\/wp-json\/wp\/v2\/product_cat?post=28912"},{"taxonomy":"product_tag","embeddable":true,"href":"https:\/\/www.bridgewatercandles.nl\/de\/wp-json\/wp\/v2\/product_tag?post=28912"}],"curies":[{"name":"wp","href":"https:\/\/api.w.org\/{rel}","templated":true}]}}