{"id":28902,"date":"2023-12-18T16:34:45","date_gmt":"2023-12-18T15:34:45","guid":{"rendered":"https:\/\/www.bridgewatercandles.nl\/product\/scented-sachet-seasons-greetin\/"},"modified":"2025-12-01T13:30:36","modified_gmt":"2025-12-01T12:30:36","slug":"scented-sachet-seasons-greetin","status":"publish","type":"product","link":"https:\/\/www.bridgewatercandles.nl\/de\/produkt\/scented-sachet-seasons-greetin\/","title":{"rendered":"Duftbeutel Seasons Greetings"},"content":{"rendered":"<p>Jahreszeitengr\u00fc\u00dfe mit frischem Jasmin und Lilie mit Vanille, Amber und pudrigem Sandelholz.<br \/>Unsere T\u00fctchen verwenden speziell gemischte \u00d6le, die f\u00fcr maximale St\u00e4rke und Produktlebensdauer eingekapselt sind. F\u00fcgen Sie \u00fcberall einen Hauch von Duft hinzu, indem Sie die T\u00fctchen in Schr\u00e4nke, Schubladen, Geschenke, Autos und vieles mehr stecken. Einfach sch\u00fctteln und den Duft genie\u00dfen!<\/p>\n","protected":false},"excerpt":{"rendered":"<p>Genie\u00dfen Sie diese einfache Art, Ihr Zimmer, Ihren Kleiderschrank oder Ihr Geschenk mit einem lang anhaltenden Duft zu erf\u00fcllen.<\/p>\n","protected":false},"featured_media":32245,"comment_status":"open","ping_status":"closed","template":"","meta":[],"product_brand":[],"product_cat":[1131,1149,1788],"product_tag":[],"class_list":{"0":"post-28902","1":"product","2":"type-product","3":"status-publish","4":"has-post-thumbnail","6":"product_cat-bridgewater-de","7":"product_cat-duftbeutel","8":"product_cat-weihnachten","10":"first","11":"outofstock","12":"taxable","13":"shipping-taxable","14":"product-type-simple"},"_links":{"self":[{"href":"https:\/\/www.bridgewatercandles.nl\/de\/wp-json\/wp\/v2\/product\/28902","targetHints":{"allow":["GET"]}}],"collection":[{"href":"https:\/\/www.bridgewatercandles.nl\/de\/wp-json\/wp\/v2\/product"}],"about":[{"href":"https:\/\/www.bridgewatercandles.nl\/de\/wp-json\/wp\/v2\/types\/product"}],"replies":[{"embeddable":true,"href":"https:\/\/www.bridgewatercandles.nl\/de\/wp-json\/wp\/v2\/comments?post=28902"}],"wp:featuredmedia":[{"embeddable":true,"href":"https:\/\/www.bridgewatercandles.nl\/de\/wp-json\/wp\/v2\/media\/32245"}],"wp:attachment":[{"href":"https:\/\/www.bridgewatercandles.nl\/de\/wp-json\/wp\/v2\/media?parent=28902"}],"wp:term":[{"taxonomy":"product_brand","embeddable":true,"href":"https:\/\/www.bridgewatercandles.nl\/de\/wp-json\/wp\/v2\/product_brand?post=28902"},{"taxonomy":"product_cat","embeddable":true,"href":"https:\/\/www.bridgewatercandles.nl\/de\/wp-json\/wp\/v2\/product_cat?post=28902"},{"taxonomy":"product_tag","embeddable":true,"href":"https:\/\/www.bridgewatercandles.nl\/de\/wp-json\/wp\/v2\/product_tag?post=28902"}],"curies":[{"name":"wp","href":"https:\/\/api.w.org\/{rel}","templated":true}]}}