{"id":28901,"date":"2023-12-18T16:34:48","date_gmt":"2023-12-18T15:34:48","guid":{"rendered":"https:\/\/www.bridgewatercandles.nl\/product\/scented-sachet-happy-holidays\/"},"modified":"2025-12-03T13:30:33","modified_gmt":"2025-12-03T12:30:33","slug":"scented-sachet-happy-holidays","status":"publish","type":"product","link":"https:\/\/www.bridgewatercandles.nl\/de\/produkt\/scented-sachet-happy-holidays\/","title":{"rendered":"Duftbeutel Happy Holidays"},"content":{"rendered":"<p>Fr\u00f6hliche Feiertage!<br \/>Unsere Beutel enthalten speziell gemischte \u00d6le, die f\u00fcr maximale St\u00e4rke und Produktlebensdauer eingekapselt sind. F\u00fcgen Sie \u00fcberall einen Hauch von Duft hinzu, indem Sie die T\u00fctchen in Schr\u00e4nke, Schubladen, Geschenke, Autos und vieles mehr stecken. Einfach sch\u00fctteln und den Duft genie\u00dfen!<\/p>\n","protected":false},"excerpt":{"rendered":"<p>Genie\u00dfen Sie diese einfache Art, Ihr Zimmer, Ihren Kleiderschrank oder Ihr Geschenk mit einem lang anhaltenden Duft zu erf\u00fcllen.<\/p>\n","protected":false},"featured_media":28841,"comment_status":"open","ping_status":"closed","template":"","meta":[],"product_brand":[],"product_cat":[1131,1149,1782,1788],"product_tag":[],"class_list":{"0":"post-28901","1":"product","2":"type-product","3":"status-publish","4":"has-post-thumbnail","6":"product_cat-bridgewater-de","7":"product_cat-duftbeutel","8":"product_cat-sonderausgabe","9":"product_cat-weihnachten","11":"first","12":"outofstock","13":"taxable","14":"shipping-taxable","15":"product-type-simple"},"_links":{"self":[{"href":"https:\/\/www.bridgewatercandles.nl\/de\/wp-json\/wp\/v2\/product\/28901","targetHints":{"allow":["GET"]}}],"collection":[{"href":"https:\/\/www.bridgewatercandles.nl\/de\/wp-json\/wp\/v2\/product"}],"about":[{"href":"https:\/\/www.bridgewatercandles.nl\/de\/wp-json\/wp\/v2\/types\/product"}],"replies":[{"embeddable":true,"href":"https:\/\/www.bridgewatercandles.nl\/de\/wp-json\/wp\/v2\/comments?post=28901"}],"wp:featuredmedia":[{"embeddable":true,"href":"https:\/\/www.bridgewatercandles.nl\/de\/wp-json\/wp\/v2\/media\/28841"}],"wp:attachment":[{"href":"https:\/\/www.bridgewatercandles.nl\/de\/wp-json\/wp\/v2\/media?parent=28901"}],"wp:term":[{"taxonomy":"product_brand","embeddable":true,"href":"https:\/\/www.bridgewatercandles.nl\/de\/wp-json\/wp\/v2\/product_brand?post=28901"},{"taxonomy":"product_cat","embeddable":true,"href":"https:\/\/www.bridgewatercandles.nl\/de\/wp-json\/wp\/v2\/product_cat?post=28901"},{"taxonomy":"product_tag","embeddable":true,"href":"https:\/\/www.bridgewatercandles.nl\/de\/wp-json\/wp\/v2\/product_tag?post=28901"}],"curies":[{"name":"wp","href":"https:\/\/api.w.org\/{rel}","templated":true}]}}