{"id":28900,"date":"2023-12-18T16:34:52","date_gmt":"2023-12-18T15:34:52","guid":{"rendered":"https:\/\/www.bridgewatercandles.nl\/product\/scented-sachet-mistletoe-kiss\/"},"modified":"2025-12-02T19:30:48","modified_gmt":"2025-12-02T18:30:48","slug":"scented-sachet-mistletoe-kiss","status":"publish","type":"product","link":"https:\/\/www.bridgewatercandles.nl\/de\/produkt\/scented-sachet-mistletoe-kiss\/","title":{"rendered":"Duftbeutel Mistletoe Kisses"},"content":{"rendered":"<p>Lassen Sie sich von warmer Vanille, Muskatnuss und Zimt in Weihnachtsstimmung versetzen.<br \/>Unsere Beutel enthalten speziell gemischte \u00d6le, die f\u00fcr maximale St\u00e4rke und Haltbarkeit eingekapselt sind. Verleihen Sie \u00fcberall einen Hauch von Duft, indem Sie die T\u00fctchen in Schr\u00e4nke, Schubladen, Geschenke, Autos und vieles mehr stecken. Einfach sch\u00fctteln und den Duft genie\u00dfen!<\/p>\n","protected":false},"excerpt":{"rendered":"<p>Genie\u00dfen Sie diese einfache Art, Ihr Zimmer, Ihren Kleiderschrank oder Ihr Geschenk mit einem lang anhaltenden Duft zu f\u00fcllen.<br \/><strong style=\"font-size: 14.4px;\">Lebensdauer<\/strong><span style=\"font-size: 14.4px;\">: Bis zu 4 Monate<\/span><\/p>\n<p><strong>Kopfnoten: <\/strong>Ingwergras &amp; Muskatnuss<br \/>\n<strong>Mittelnoten: <\/strong>Zimt &amp; Gew\u00fcrznelke<br \/>\n<strong>Basisnoten: <\/strong> Karamell<\/p>\n","protected":false},"featured_media":32242,"comment_status":"open","ping_status":"closed","template":"","meta":[],"product_brand":[],"product_cat":[1131,1149,1788],"product_tag":[],"class_list":{"0":"post-28900","1":"product","2":"type-product","3":"status-publish","4":"has-post-thumbnail","6":"product_cat-bridgewater-de","7":"product_cat-duftbeutel","8":"product_cat-weihnachten","10":"first","11":"outofstock","12":"taxable","13":"shipping-taxable","14":"product-type-simple"},"_links":{"self":[{"href":"https:\/\/www.bridgewatercandles.nl\/de\/wp-json\/wp\/v2\/product\/28900","targetHints":{"allow":["GET"]}}],"collection":[{"href":"https:\/\/www.bridgewatercandles.nl\/de\/wp-json\/wp\/v2\/product"}],"about":[{"href":"https:\/\/www.bridgewatercandles.nl\/de\/wp-json\/wp\/v2\/types\/product"}],"replies":[{"embeddable":true,"href":"https:\/\/www.bridgewatercandles.nl\/de\/wp-json\/wp\/v2\/comments?post=28900"}],"wp:featuredmedia":[{"embeddable":true,"href":"https:\/\/www.bridgewatercandles.nl\/de\/wp-json\/wp\/v2\/media\/32242"}],"wp:attachment":[{"href":"https:\/\/www.bridgewatercandles.nl\/de\/wp-json\/wp\/v2\/media?parent=28900"}],"wp:term":[{"taxonomy":"product_brand","embeddable":true,"href":"https:\/\/www.bridgewatercandles.nl\/de\/wp-json\/wp\/v2\/product_brand?post=28900"},{"taxonomy":"product_cat","embeddable":true,"href":"https:\/\/www.bridgewatercandles.nl\/de\/wp-json\/wp\/v2\/product_cat?post=28900"},{"taxonomy":"product_tag","embeddable":true,"href":"https:\/\/www.bridgewatercandles.nl\/de\/wp-json\/wp\/v2\/product_tag?post=28900"}],"curies":[{"name":"wp","href":"https:\/\/api.w.org\/{rel}","templated":true}]}}