{"id":26342,"date":"2022-03-15T12:46:02","date_gmt":"2022-03-15T11:46:02","guid":{"rendered":"https:\/\/www.bridgewatercandles.nl\/product\/car-perfume-nantucket-coast\/"},"modified":"2025-12-02T16:31:45","modified_gmt":"2025-12-02T15:31:45","slug":"car-perfume-nantucket-coast","status":"publish","type":"product","link":"https:\/\/www.bridgewatercandles.nl\/de\/produkt\/car-perfume-nantucket-coast\/","title":{"rendered":"Car Nantucket Coast"},"content":{"rendered":"<p>Der Duft Nantucket Coast schafft eine Flut aller D\u00fcfte des Meeres und verbindet die Markenzeichen des tiefblauen Wassers mit einem Duft, der sowohl subtil und gleichzeitig majest\u00e4tisch ist. Frische Gurke, Melone und Mandarine legen sich sanft \u00fcber Kr\u00e4utersalbei und Basilikum. Eine leichte Briese von Patschuli und Moschus verleihen dem Duft eine erdige S\u00fc\u00dfe.<br \/>\nGenie\u00dfen Sie Ihre Fahrt mit Ihrem neuen Lieblingsduft im Auto. Bridgewater Autoparfum Diffuser werden in den USA hergestellt und sind gef\u00fcllt mit unseren D\u00fcften. Sie sind einfach und effizient anzuwendende Diffuser, die Sie ganz einfach an die Bel\u00fcftungsschlitze in Ihrem Auto anschlie\u00dfen k\u00f6nnen. Dieser Auto Bel\u00fcftungsclip ist klein und handlich, aber h\u00e4lt lange seinen intensiven Duft.<\/p>\n","protected":false},"excerpt":{"rendered":"<p>Das Leben ist eine Reise! Genie\u00dfen Sie die Fahrt mit diesen angenehmen Duft!<br \/><strong style=\"font-size: 14.4px;\">Duftfreisetzung<\/strong><span style=\"font-size: 14.4px;\">: \u00b1 30 Tage<\/span><br \/>\n<br \/><strong>Kopfnote: <\/strong>Cucumber, Melon &#038; Mandarin<br \/><strong>Herznote: <\/strong>Sage &#038; Basil<br \/><strong>Basisnote: <\/strong> Patchouli &#038; Musk<\/p>\n","protected":false},"featured_media":26969,"comment_status":"open","ping_status":"closed","template":"","meta":[],"product_brand":[],"product_cat":[1124,1131,1153,1161],"product_tag":[],"class_list":{"0":"post-26342","1":"product","2":"type-product","3":"status-publish","4":"has-post-thumbnail","6":"product_cat-car-freshener-de","7":"product_cat-bridgewater-de","8":"product_cat-holzig","9":"product_cat-nantucket-coast-de","11":"first","12":"instock","13":"taxable","14":"shipping-taxable","15":"product-type-simple"},"_links":{"self":[{"href":"https:\/\/www.bridgewatercandles.nl\/de\/wp-json\/wp\/v2\/product\/26342","targetHints":{"allow":["GET"]}}],"collection":[{"href":"https:\/\/www.bridgewatercandles.nl\/de\/wp-json\/wp\/v2\/product"}],"about":[{"href":"https:\/\/www.bridgewatercandles.nl\/de\/wp-json\/wp\/v2\/types\/product"}],"replies":[{"embeddable":true,"href":"https:\/\/www.bridgewatercandles.nl\/de\/wp-json\/wp\/v2\/comments?post=26342"}],"wp:featuredmedia":[{"embeddable":true,"href":"https:\/\/www.bridgewatercandles.nl\/de\/wp-json\/wp\/v2\/media\/26969"}],"wp:attachment":[{"href":"https:\/\/www.bridgewatercandles.nl\/de\/wp-json\/wp\/v2\/media?parent=26342"}],"wp:term":[{"taxonomy":"product_brand","embeddable":true,"href":"https:\/\/www.bridgewatercandles.nl\/de\/wp-json\/wp\/v2\/product_brand?post=26342"},{"taxonomy":"product_cat","embeddable":true,"href":"https:\/\/www.bridgewatercandles.nl\/de\/wp-json\/wp\/v2\/product_cat?post=26342"},{"taxonomy":"product_tag","embeddable":true,"href":"https:\/\/www.bridgewatercandles.nl\/de\/wp-json\/wp\/v2\/product_tag?post=26342"}],"curies":[{"name":"wp","href":"https:\/\/api.w.org\/{rel}","templated":true}]}}