{"id":26332,"date":"2023-04-21T10:34:41","date_gmt":"2023-04-21T08:34:41","guid":{"rendered":"https:\/\/www.bridgewatercandles.nl\/product\/roomspray-nantucket-coast\/"},"modified":"2025-11-27T17:35:19","modified_gmt":"2025-11-27T16:35:19","slug":"roomspray-nantucket-coast","status":"publish","type":"product","link":"https:\/\/www.bridgewatercandles.nl\/de\/produkt\/roomspray-nantucket-coast\/","title":{"rendered":"Home Fragrance Nantucket Coast"},"content":{"rendered":"<p>Der Duft Nantucket Coast schafft eine Flut aller D\u00fcfte des Meeres und verbindet die Markenzeichen des tiefblauen Wassers mit einem Duft, der sowohl subtil und gleichzeitig majest\u00e4tisch ist. Frische Gurke, Melone und Mandarine legen sich sanft \u00fcber Kr\u00e4utersalbei und Basilikum. Eine leichte Briese von Patschuli und Moschus verleihen dem Duft eine erdige S\u00fc\u00dfe.<br \/>\nEine schnelle M\u00f6glichkeit, Ihre Stimmung zu verbessern und in jedem Raum einen herrlichen Duft zu verteilen. Genie\u00dfen Sie sofortigen Duft mit nur einem Spray!<\/p>\n","protected":false},"excerpt":{"rendered":"<p>Erfrischt jeden Raum mit Duft Soforteffekt bei nur einem Pumpsto\u00df<br \/><strong style=\"font-size: 14.4px;\">Duftfreisetzung<\/strong><span style=\"font-size: 14.4px;\">: direkt<\/span><br \/>\n<br \/><strong>Kopfnote: <\/strong>Gurke, Melone &#038; Mandarine<br \/><strong>Herznote: <\/strong>Salbei &#038; Basilikum<br \/><strong>Basisnote: <\/strong> Patchouli &#038; Moschus<\/p>\n","protected":false},"featured_media":28826,"comment_status":"open","ping_status":"closed","template":"","meta":[],"product_brand":[],"product_cat":[1131,1141,1154,1161],"product_tag":[],"class_list":{"0":"post-26332","1":"product","2":"type-product","3":"status-publish","4":"has-post-thumbnail","6":"product_cat-bridgewater-de","7":"product_cat-frisch","8":"product_cat-home-duft","9":"product_cat-nantucket-coast-de","11":"first","12":"outofstock","13":"taxable","14":"shipping-taxable","15":"product-type-simple"},"_links":{"self":[{"href":"https:\/\/www.bridgewatercandles.nl\/de\/wp-json\/wp\/v2\/product\/26332","targetHints":{"allow":["GET"]}}],"collection":[{"href":"https:\/\/www.bridgewatercandles.nl\/de\/wp-json\/wp\/v2\/product"}],"about":[{"href":"https:\/\/www.bridgewatercandles.nl\/de\/wp-json\/wp\/v2\/types\/product"}],"replies":[{"embeddable":true,"href":"https:\/\/www.bridgewatercandles.nl\/de\/wp-json\/wp\/v2\/comments?post=26332"}],"wp:featuredmedia":[{"embeddable":true,"href":"https:\/\/www.bridgewatercandles.nl\/de\/wp-json\/wp\/v2\/media\/28826"}],"wp:attachment":[{"href":"https:\/\/www.bridgewatercandles.nl\/de\/wp-json\/wp\/v2\/media?parent=26332"}],"wp:term":[{"taxonomy":"product_brand","embeddable":true,"href":"https:\/\/www.bridgewatercandles.nl\/de\/wp-json\/wp\/v2\/product_brand?post=26332"},{"taxonomy":"product_cat","embeddable":true,"href":"https:\/\/www.bridgewatercandles.nl\/de\/wp-json\/wp\/v2\/product_cat?post=26332"},{"taxonomy":"product_tag","embeddable":true,"href":"https:\/\/www.bridgewatercandles.nl\/de\/wp-json\/wp\/v2\/product_tag?post=26332"}],"curies":[{"name":"wp","href":"https:\/\/api.w.org\/{rel}","templated":true}]}}