{"id":26330,"date":"2023-04-21T10:36:22","date_gmt":"2023-04-21T08:36:22","guid":{"rendered":"https:\/\/www.bridgewatercandles.nl\/product\/roomspray-comfort-joy\/"},"modified":"2025-11-27T17:42:34","modified_gmt":"2025-11-27T16:42:34","slug":"roomspray-comfort-joy","status":"publish","type":"product","link":"https:\/\/www.bridgewatercandles.nl\/de\/produkt\/roomspray-comfort-joy\/","title":{"rendered":"Home Fragrance Comfort &#038; Joy"},"content":{"rendered":"<p>Machen Sie es sich mit Comfort &#038; Joy gem\u00fctlich. Diese einzigartige Mischung aus Apfel, Gew\u00fcrz, Zedernholz und Amber bringt das Gef\u00fchl von Frieden in Ihren Tag. Abgerundet mit Duftnoten von Hafermilch und Vanille f\u00fcr eine warme Umarmung, wenn Sie sie am meisten brauchen. Erhellen Sie Ihre Stimmung mit diesem aufmunternden Duft und genie\u00dfen Sie pure Harmonie!<br \/>\nEine schnelle M\u00f6glichkeit, Ihre Stimmung zu verbessern und in jedem Raum einen herrlichen Duft zu verteilen. Genie\u00dfen Sie sofortigen Duft mit nur einem Spray!<\/p>\n","protected":false},"excerpt":{"rendered":"<p>Erfrischt jeden Raum mit Duft Soforteffekt bei nur einem Pumpsto\u00df<br \/><strong style=\"font-size: 14.4px;\">Duftfreisetzung<\/strong><span style=\"font-size: 14.4px;\">: direkt<\/span><br \/>\n<br \/><strong>Kopfnote: <\/strong>Apfel, Tabak, Piment, Kiefer<br \/><strong>Herznote: <\/strong>Virginisches Zedernholz, Jasmin, Amber<br \/><strong>Basisnote: <\/strong> Hafermilch, Tannenbalsam, Eichenmoos, Vanille<\/p>\n","protected":false},"featured_media":26862,"comment_status":"open","ping_status":"closed","template":"","meta":[],"product_brand":[],"product_cat":[1131,1648,1154,1753,1164,1788],"product_tag":[],"class_list":{"0":"post-26330","1":"product","2":"type-product","3":"status-publish","4":"has-post-thumbnail","6":"product_cat-bridgewater-de","7":"product_cat-comfort-joy-de","8":"product_cat-home-duft","9":"product_cat-neues-raumspray-de","10":"product_cat-orientalisch-wuerzig","11":"product_cat-weihnachten","13":"first","14":"outofstock","15":"taxable","16":"shipping-taxable","17":"product-type-simple"},"_links":{"self":[{"href":"https:\/\/www.bridgewatercandles.nl\/de\/wp-json\/wp\/v2\/product\/26330","targetHints":{"allow":["GET"]}}],"collection":[{"href":"https:\/\/www.bridgewatercandles.nl\/de\/wp-json\/wp\/v2\/product"}],"about":[{"href":"https:\/\/www.bridgewatercandles.nl\/de\/wp-json\/wp\/v2\/types\/product"}],"replies":[{"embeddable":true,"href":"https:\/\/www.bridgewatercandles.nl\/de\/wp-json\/wp\/v2\/comments?post=26330"}],"wp:featuredmedia":[{"embeddable":true,"href":"https:\/\/www.bridgewatercandles.nl\/de\/wp-json\/wp\/v2\/media\/26862"}],"wp:attachment":[{"href":"https:\/\/www.bridgewatercandles.nl\/de\/wp-json\/wp\/v2\/media?parent=26330"}],"wp:term":[{"taxonomy":"product_brand","embeddable":true,"href":"https:\/\/www.bridgewatercandles.nl\/de\/wp-json\/wp\/v2\/product_brand?post=26330"},{"taxonomy":"product_cat","embeddable":true,"href":"https:\/\/www.bridgewatercandles.nl\/de\/wp-json\/wp\/v2\/product_cat?post=26330"},{"taxonomy":"product_tag","embeddable":true,"href":"https:\/\/www.bridgewatercandles.nl\/de\/wp-json\/wp\/v2\/product_tag?post=26330"}],"curies":[{"name":"wp","href":"https:\/\/api.w.org\/{rel}","templated":true}]}}