{"id":26314,"date":"2023-05-31T17:32:18","date_gmt":"2023-05-31T15:32:18","guid":{"rendered":"https:\/\/www.bridgewatercandles.nl\/product\/tall-jar-harvest-pumpkin\/"},"modified":"2025-12-02T10:32:05","modified_gmt":"2025-12-02T09:32:05","slug":"tall-jar-harvest-pumpkin","status":"publish","type":"product","link":"https:\/\/www.bridgewatercandles.nl\/de\/produkt\/tall-jar-harvest-pumpkin\/","title":{"rendered":"Hohes Glas Harvest Pumpkin"},"content":{"rendered":"<p>Dieser Duft ist f\u00fcr alle Fans von K\u00fcrbisgew\u00fcrzen! Mit warmen, beruhigenden Noten von Kardamom, Orangenschalen, Zimt und K\u00fcrbis wurde Harvest Pumpkin f\u00fcr alle entwickelt, die sich nach k\u00fchleren Tagen, gem\u00fctlichen Pullovern und all den sch\u00f6nen Dingen sehnen, die der Herbst zu bieten hat.<br \/>Fancy Votiv Kerzen bieten Ihnen die perfekte Gelegenheit, einen neuen Duft auszuprobieren. Die Fancy Votiv Kerze hat eine perfekte Brenndauer von bis zu 30 Stunden, wenn sie in einem geeigneten Kerzenhalter verwendet wird.<\/p>\n","protected":false},"excerpt":{"rendered":"<p>Kleine, aber starke Duftkerze, die Ihr Zimmer mit einem gro\u00dfartigen Duft f\u00fcllt. Ideal auch, um zu testen, welcher Duft am besten zu Ihnen passt.<br \/><strong style=\"font-size: 14.4px;\">Brenndauer<\/strong><span style=\"font-size: 14.4px;\">: 25-30 Stunden<\/span><br \/>\n<br \/><strong>Kopfnote: <\/strong>Kardamom, Ingwer, Orangenschalen<br \/><strong>Herznote: <\/strong>Zimt, Gew\u00fcrznelke, K\u00fcrbis<br \/><strong>Basisnote: <\/strong> Butter, Ahorn<\/p>\n","protected":false},"featured_media":26972,"comment_status":"open","ping_status":"closed","template":"","meta":[],"product_brand":[],"product_cat":[1131,1472,1671,1155,1164,1185],"product_tag":[],"class_list":{"0":"post-26314","1":"product","2":"type-product","3":"status-publish","4":"has-post-thumbnail","6":"product_cat-bridgewater-de","7":"product_cat-harvest-pumpkin-de","8":"product_cat-hohes-glas","9":"product_cat-kerze","10":"product_cat-orientalisch-wuerzig","11":"product_cat-votivkerzen","13":"first","14":"instock","15":"taxable","16":"shipping-taxable","17":"product-type-simple"},"_links":{"self":[{"href":"https:\/\/www.bridgewatercandles.nl\/de\/wp-json\/wp\/v2\/product\/26314","targetHints":{"allow":["GET"]}}],"collection":[{"href":"https:\/\/www.bridgewatercandles.nl\/de\/wp-json\/wp\/v2\/product"}],"about":[{"href":"https:\/\/www.bridgewatercandles.nl\/de\/wp-json\/wp\/v2\/types\/product"}],"replies":[{"embeddable":true,"href":"https:\/\/www.bridgewatercandles.nl\/de\/wp-json\/wp\/v2\/comments?post=26314"}],"wp:featuredmedia":[{"embeddable":true,"href":"https:\/\/www.bridgewatercandles.nl\/de\/wp-json\/wp\/v2\/media\/26972"}],"wp:attachment":[{"href":"https:\/\/www.bridgewatercandles.nl\/de\/wp-json\/wp\/v2\/media?parent=26314"}],"wp:term":[{"taxonomy":"product_brand","embeddable":true,"href":"https:\/\/www.bridgewatercandles.nl\/de\/wp-json\/wp\/v2\/product_brand?post=26314"},{"taxonomy":"product_cat","embeddable":true,"href":"https:\/\/www.bridgewatercandles.nl\/de\/wp-json\/wp\/v2\/product_cat?post=26314"},{"taxonomy":"product_tag","embeddable":true,"href":"https:\/\/www.bridgewatercandles.nl\/de\/wp-json\/wp\/v2\/product_tag?post=26314"}],"curies":[{"name":"wp","href":"https:\/\/api.w.org\/{rel}","templated":true}]}}