{"id":25943,"date":"2023-02-10T10:32:44","date_gmt":"2023-02-10T09:32:44","guid":{"rendered":"https:\/\/www.bridgewatercandles.nl\/product\/wax-bar-lavender-fields\/"},"modified":"2025-11-27T17:42:04","modified_gmt":"2025-11-27T16:42:04","slug":"wax-bar-lavender-fields","status":"publish","type":"product","link":"https:\/\/www.bridgewatercandles.nl\/de\/produkt\/wax-bar-lavender-fields\/","title":{"rendered":"Duftwachs Lavender Fields"},"content":{"rendered":"<p>Verw\u00c3\u00b6hnen Sie Ihre Sinne mit Lavender Fields, einem bezaubernden Duft, der Sie in einen wohltuenden Spa-R\u00c3\u00bcckzugsort entf\u00c3\u00bchrt, ohne dass Sie jemals Ihr Haus verlassen m\u00c3\u00bcssen. Unsere Mischung aus Kamille, Lavendel und Tonkabohnen ist eine aromatische Flucht aus dem Alltag und ein unvergessliches Erlebnis, perfekt f\u00c3\u00bcr einen Moment der Entspannung.<br \/>\nBringen Sie Ihren Lieblingsduft ganz einfach zu Ihnen nach Hause. Legen Sie einfach ein kleines Wachsst\u00c3\u00bcck in einen Bridgewater-Wachsbrenner. Wenn das Wachs schmilzt, wird der Duft freigesetzt. Augen zu und genie\u00c3\u009fen! Duft h\u00c3\u00a4lt bis zu 50-80 Stunden an. 6 Wachs Quadrate enthalten.<\/p>\n","protected":false},"excerpt":{"rendered":"<p>Schmelzen Sie diese Wachstst\u00fccke, lehnen Sie sich zur\u00fcck und genie\u00dfen Sie Ihr duftendes Zimmer.<br \/>\n<strong style=\"font-size: 14.4px;\">Brenndauer<\/strong><span style=\"font-size: 14.4px;\">: 50-80 Stunden<\/span><\/p>\n<p><strong>Kopfnote: <\/strong>Ozon, Wei\u00dfe Leinen, Meer<br \/>\n<strong>Herznote: <\/strong>Sanfter Lavendel<br \/>\n<strong>Basisnote: <\/strong> Tonka, Vanille, Patchouli<\/p>\n","protected":false},"featured_media":26629,"comment_status":"open","ping_status":"open","template":"","meta":[],"product_brand":[],"product_cat":[1131,1152,1638,1148],"product_tag":[],"class_list":{"0":"post-25943","1":"product","2":"type-product","3":"status-publish","4":"has-post-thumbnail","6":"product_cat-bridgewater-de","7":"product_cat-kraeuter","8":"product_cat-lavender-fields-de","9":"product_cat-waxbars","11":"first","12":"instock","13":"taxable","14":"shipping-taxable","15":"product-type-simple"},"_links":{"self":[{"href":"https:\/\/www.bridgewatercandles.nl\/de\/wp-json\/wp\/v2\/product\/25943","targetHints":{"allow":["GET"]}}],"collection":[{"href":"https:\/\/www.bridgewatercandles.nl\/de\/wp-json\/wp\/v2\/product"}],"about":[{"href":"https:\/\/www.bridgewatercandles.nl\/de\/wp-json\/wp\/v2\/types\/product"}],"replies":[{"embeddable":true,"href":"https:\/\/www.bridgewatercandles.nl\/de\/wp-json\/wp\/v2\/comments?post=25943"}],"wp:featuredmedia":[{"embeddable":true,"href":"https:\/\/www.bridgewatercandles.nl\/de\/wp-json\/wp\/v2\/media\/26629"}],"wp:attachment":[{"href":"https:\/\/www.bridgewatercandles.nl\/de\/wp-json\/wp\/v2\/media?parent=25943"}],"wp:term":[{"taxonomy":"product_brand","embeddable":true,"href":"https:\/\/www.bridgewatercandles.nl\/de\/wp-json\/wp\/v2\/product_brand?post=25943"},{"taxonomy":"product_cat","embeddable":true,"href":"https:\/\/www.bridgewatercandles.nl\/de\/wp-json\/wp\/v2\/product_cat?post=25943"},{"taxonomy":"product_tag","embeddable":true,"href":"https:\/\/www.bridgewatercandles.nl\/de\/wp-json\/wp\/v2\/product_tag?post=25943"}],"curies":[{"name":"wp","href":"https:\/\/api.w.org\/{rel}","templated":true}]}}