{"id":24942,"date":"2022-11-22T12:30:50","date_gmt":"2022-11-22T11:30:50","guid":{"rendered":"https:\/\/www.bridgewatercandles.nl\/product\/gift-set-cozy-home\/"},"modified":"2023-09-17T16:46:22","modified_gmt":"2023-09-17T14:46:22","slug":"gift-set-cozy-home","status":"publish","type":"product","link":"https:\/\/www.bridgewatercandles.nl\/de\/produkt\/gift-set-cozy-home\/","title":{"rendered":"Geschenkbox Cozy Home"},"content":{"rendered":"<p>Das perfekte Weihnachtsgeschenk f\u00fcr die beste Freundin, den Partner, die Gro\u00dfeltern oder einfach f\u00fcr Sie selbst. Diese Mischung aus drei Votiv-Duftkerzen ist der beste Start in die gem\u00fctliche Jahreszeit, wenn die Tage k\u00fcrzer und dunkler werden. Kuscheln Sie sich zu Hause ein und machen Sie es sich gem\u00fctlich mit unseren Herbst- und Winterd\u00fcften Harvest Pumpkin, Remember When und Driftwood Tides. Kr\u00e4uterige, w\u00fcrzige und holzige D\u00fcfte, die Lust auf Backen, Dekorieren und Gem\u00fctlichkeit machen.<\/p>\n<p>Jedem Geschenkpaket liegt eine kostenlose Wunschkarte bei, die das Geschenk f\u00fcr Ihre Liebsten besonders pers\u00f6nlich macht. Dieses Geschenkset ist in einer wiederverwendbaren, luxuri\u00f6sen Aufbewahrungsbox verpackt, in der Sie Fotos, Briefe oder andere wertvolle Gegenst\u00e4nde aufbewahren k\u00f6nnen.<\/p>\n<p>Dieses Geschenkset ist perfekt f\u00fcr alle, die ein tolles, einfaches Weihnachtsgeschenk suchen oder einfach nur gem\u00fctliche D\u00fcfte m\u00f6gen und neue Bridgewater-D\u00fcfte ausprobieren m\u00f6chten.<\/p>\n<h4><strong> Was ist in dieser Geschenkbox enthalten?<\/strong><\/h4>\n<ul>\n<li>Votiv Duftkerze Harvest Pumpkin. Brandzeit bis zu 15 Stunden.  <\/li>\n<li> Votiv Duftkerze Remember When. Brandzeit bis zu 15 Stunden.  <\/li>\n<li> Votiv Duftkerze Driftwood Tides. Brandzeit bis zu 15 Stunden.  <\/li>\n<li>Free Wish Card<\/li>\n<\/ul>\n","protected":false},"excerpt":{"rendered":"<p>Geschenkpackung mit drei gem\u00fctlichen D\u00fcften, die sich hervorragend f\u00fcr die k\u00e4lteren Monate eignen: Harvest Pumpkin, Remember When und Driftwood Tides.<\/p>\n","protected":false},"featured_media":24965,"comment_status":"open","ping_status":"closed","template":"","meta":[],"product_brand":[],"product_cat":[],"product_tag":[],"class_list":{"0":"post-24942","1":"product","2":"type-product","3":"status-publish","4":"has-post-thumbnail","7":"first","8":"outofstock","9":"taxable","10":"shipping-taxable","11":"product-type-simple"},"_links":{"self":[{"href":"https:\/\/www.bridgewatercandles.nl\/de\/wp-json\/wp\/v2\/product\/24942","targetHints":{"allow":["GET"]}}],"collection":[{"href":"https:\/\/www.bridgewatercandles.nl\/de\/wp-json\/wp\/v2\/product"}],"about":[{"href":"https:\/\/www.bridgewatercandles.nl\/de\/wp-json\/wp\/v2\/types\/product"}],"replies":[{"embeddable":true,"href":"https:\/\/www.bridgewatercandles.nl\/de\/wp-json\/wp\/v2\/comments?post=24942"}],"wp:featuredmedia":[{"embeddable":true,"href":"https:\/\/www.bridgewatercandles.nl\/de\/wp-json\/wp\/v2\/media\/24965"}],"wp:attachment":[{"href":"https:\/\/www.bridgewatercandles.nl\/de\/wp-json\/wp\/v2\/media?parent=24942"}],"wp:term":[{"taxonomy":"product_brand","embeddable":true,"href":"https:\/\/www.bridgewatercandles.nl\/de\/wp-json\/wp\/v2\/product_brand?post=24942"},{"taxonomy":"product_cat","embeddable":true,"href":"https:\/\/www.bridgewatercandles.nl\/de\/wp-json\/wp\/v2\/product_cat?post=24942"},{"taxonomy":"product_tag","embeddable":true,"href":"https:\/\/www.bridgewatercandles.nl\/de\/wp-json\/wp\/v2\/product_tag?post=24942"}],"curies":[{"name":"wp","href":"https:\/\/api.w.org\/{rel}","templated":true}]}}