{"id":24941,"date":"2022-11-22T12:30:42","date_gmt":"2022-11-22T11:30:42","guid":{"rendered":"https:\/\/www.bridgewatercandles.nl\/product\/gift-set-winter-wonders\/"},"modified":"2023-10-24T21:09:35","modified_gmt":"2023-10-24T19:09:35","slug":"gift-set-winter-wonders","status":"publish","type":"product","link":"https:\/\/www.bridgewatercandles.nl\/de\/produkt\/gift-set-winter-wonders\/","title":{"rendered":"Geschenkbox Winter Wonders"},"content":{"rendered":"<p>Unsere drei beliebtesten Weihnachtsd\u00fcfte &#8211; verpackt in einem Dreier-Set in einer luxuri\u00f6sen Geschenkbox. Diese Geschenkbox enth\u00e4lt drei Votiv-Duftkerzen: Christmas Bliss ist ein klassischer Weihnachtsduft, Festive Frasier ist ein holziger, raffinierter Festtagsduft und Welcome Home erinnert uns an das warme und einladende Gef\u00fchl, wenn man seine Lieben w\u00e4hrend der Weihnachtsferien besucht. Ein echtes Trio von \u201eWinter Wonders\u201c.<\/p>\n<p>Jeder Geschenkpackung liegt eine kostenlose Wunschkarte bei, die das Geschenk f\u00fcr Ihre Lieben besonders pers\u00f6nlich macht. Dieses Geschenkset ist in einer wiederverwendbaren, luxuri\u00f6sen Aufbewahrungsbox verpackt, in der Sie Fotos, Briefe oder andere wertvolle Dinge aufbewahren k\u00f6nnen.<\/p>\n<p>Christmas Bliss ist der absolute Lieblingsweihnachtsduft unserer Kunden. Eine einzigartige Mischung aus allen klassischen Winterd\u00fcften wie Ingwer, Muskatnuss, Zimt, Nelke und Karamell verwandelt Ihr Zuhause in ein kleines Weihnachtswunderland.<\/p>\n<p>Dieses Geschenkpaket ist perfekt f\u00fcr alle, die ein tolles, einfaches Weihnachtsgeschenk suchen, einfach weihnachtliche Raumd\u00fcfte lieben oder gerne neue Bridgewater D\u00fcfte ausprobieren.<\/p>\n<h4><strong>Was ist in dieser Geschenkbox enthalten?<\/strong><\/h4>\n<ul>\n<li>Votiv Duftkerze Christmas Bliss. Brandzeit bis zu 15 Stunden.  <\/li>\n<li>Votiv Duftkerze Festive Frasier. Brandzeit bis zu 15 Stunden.  <\/li>\n<li>Votiv Duftkerze Welcome Home. Brandzeit bis zu 15 Stunden.  <\/li>\n<li>Free Wish Card<\/li>\n<\/ul>\n","protected":false},"excerpt":{"rendered":"<p>Geschenkbox mit drei Votiv-Duftkerzen mit den Winter- und Weihnachtsd\u00fcften Christmas Bliss, Festive Frasier und Welcome Home.<\/p>\n","protected":false},"featured_media":24962,"comment_status":"open","ping_status":"closed","template":"","meta":[],"product_brand":[],"product_cat":[],"product_tag":[],"class_list":{"0":"post-24941","1":"product","2":"type-product","3":"status-publish","4":"has-post-thumbnail","7":"first","8":"outofstock","9":"taxable","10":"shipping-taxable","11":"product-type-simple"},"_links":{"self":[{"href":"https:\/\/www.bridgewatercandles.nl\/de\/wp-json\/wp\/v2\/product\/24941","targetHints":{"allow":["GET"]}}],"collection":[{"href":"https:\/\/www.bridgewatercandles.nl\/de\/wp-json\/wp\/v2\/product"}],"about":[{"href":"https:\/\/www.bridgewatercandles.nl\/de\/wp-json\/wp\/v2\/types\/product"}],"replies":[{"embeddable":true,"href":"https:\/\/www.bridgewatercandles.nl\/de\/wp-json\/wp\/v2\/comments?post=24941"}],"wp:featuredmedia":[{"embeddable":true,"href":"https:\/\/www.bridgewatercandles.nl\/de\/wp-json\/wp\/v2\/media\/24962"}],"wp:attachment":[{"href":"https:\/\/www.bridgewatercandles.nl\/de\/wp-json\/wp\/v2\/media?parent=24941"}],"wp:term":[{"taxonomy":"product_brand","embeddable":true,"href":"https:\/\/www.bridgewatercandles.nl\/de\/wp-json\/wp\/v2\/product_brand?post=24941"},{"taxonomy":"product_cat","embeddable":true,"href":"https:\/\/www.bridgewatercandles.nl\/de\/wp-json\/wp\/v2\/product_cat?post=24941"},{"taxonomy":"product_tag","embeddable":true,"href":"https:\/\/www.bridgewatercandles.nl\/de\/wp-json\/wp\/v2\/product_tag?post=24941"}],"curies":[{"name":"wp","href":"https:\/\/api.w.org\/{rel}","templated":true}]}}