{"id":24938,"date":"2022-06-15T17:30:48","date_gmt":"2022-06-15T15:30:48","guid":{"rendered":"https:\/\/www.bridgewatercandles.nl\/product\/gift-set-try-out-box-winter\/"},"modified":"2025-08-28T17:30:39","modified_gmt":"2025-08-28T15:30:39","slug":"gift-set-try-out-box-winter","status":"publish","type":"product","link":"https:\/\/www.bridgewatercandles.nl\/de\/produkt\/gift-set-try-out-box-winter\/","title":{"rendered":"Geschenkbox zum Probieren Winter"},"content":{"rendered":"<p>Sie kennen einen echten Bridgewater-Fan, der nicht genug von unserer Duftlinie bekommen kann? Lassen Sie sie mehrere unserer meistverkauften D\u00c3\u00bcfte in dieser Votivkerzen-Geschenkbox ausprobieren. Sie enth\u00c3\u00a4lt 6 Votivkerzen und zwei passende Votivgl\u00c3\u00a4ser, damit Sie Ihre neuen Duftfavoriten sofort anz\u00c3\u00bcnden k\u00c3\u00b6nnen. Die D\u00c3\u00bcfte sind eine Mischung aus kr\u00c3\u00a4uterigen, holzigen und Gourmet-D\u00c3\u00bcften: Harvest Pumpkin, Christmas Bliss, Remember When, Welcome Home, Afternoon Retreat und Festive Frasier. Ein toller, gem\u00c3\u00bctlicher und festlicher Duftmix mit klassischen Weihnachtsd\u00c3\u00bcften. Ideal f\u00c3\u00bcr Herbst und Winter.<\/p>\n<p>Dieses Geschenkpaket ist perfekt f\u00c3\u00bcr jeden Duftkerzen-Fan, der sich nicht f\u00c3\u00bcr einen bestimmten Duft entscheiden kann und unsere Kollektion entdecken m\u00c3\u00b6chte.<\/p>\n<p>Jedem Geschenkpaket liegt eine kostenlose Wunschkarte bei, die Ihr Geschenk f\u00c3\u00bcr Ihre Lieben besonders pers\u00c3\u00b6nlich macht. Das Geschenkset ist in einer wiederverwendbaren, luxuri\u00c3\u00b6sen Aufbewahrungsbox verpackt, der Sie ein zweites Leben geben k\u00c3\u00b6nnen, indem Sie Fotos, Briefe oder andere wertvolle Gegenst\u00c3\u00a4nde aufbewahren.<\/p>\n<ul>\n<li>\n<h4><strong>Was ist in dieser Geschenkbox enthalten?<\/strong><\/h4>\n<ul>\n<li>Votivkerze Harvest Pumpkin. Brenndauer bis zu 15 Stunden.<\/li>\n<li>Votivkerze Christmas Bliss. Brenndauer bis zu 15 Stunden. <\/li>\n<li>Votivkerze Remember When. Brenndauer bis zu 15 Stunden. <\/li>\n<li>Votivkerze Welcome Home. Brenndauer bis zu 15 Stunden. <\/li>\n<li>Votivkerze Festive Frasier. Brenndauer bis zu 15 Stunden.<\/li>\n<li>Votivkerze Afternoon Retreat. Brenndauer bis zu 15 Stunden. <\/li>\n<li>2x Votivhalter Bridgewater Frost.<\/li>\n<li>Gratis Klappkarte<\/li>\n","protected":false},"excerpt":{"rendered":"<p>Luxuri\u00f6se Geschenkbox gef\u00fcllt mit 6 duftenden Bridgewater Votivkerzen, die sich hervorragend f\u00fcr die Herbst- und Wintermonate eignen. Ein tolles Weihnachtsgeschenk, das mit einer kostenlosen Wunschkarte geliefert wird!<\/p>\n","protected":false},"featured_media":24351,"comment_status":"open","ping_status":"closed","template":"","meta":[],"product_brand":[],"product_cat":[253],"product_tag":[],"class_list":{"0":"post-24938","1":"product","2":"type-product","3":"status-publish","4":"has-post-thumbnail","6":"product_cat-ohne-kategorie","8":"first","9":"outofstock","10":"taxable","11":"shipping-taxable","12":"product-type-simple"},"_links":{"self":[{"href":"https:\/\/www.bridgewatercandles.nl\/de\/wp-json\/wp\/v2\/product\/24938","targetHints":{"allow":["GET"]}}],"collection":[{"href":"https:\/\/www.bridgewatercandles.nl\/de\/wp-json\/wp\/v2\/product"}],"about":[{"href":"https:\/\/www.bridgewatercandles.nl\/de\/wp-json\/wp\/v2\/types\/product"}],"replies":[{"embeddable":true,"href":"https:\/\/www.bridgewatercandles.nl\/de\/wp-json\/wp\/v2\/comments?post=24938"}],"wp:featuredmedia":[{"embeddable":true,"href":"https:\/\/www.bridgewatercandles.nl\/de\/wp-json\/wp\/v2\/media\/24351"}],"wp:attachment":[{"href":"https:\/\/www.bridgewatercandles.nl\/de\/wp-json\/wp\/v2\/media?parent=24938"}],"wp:term":[{"taxonomy":"product_brand","embeddable":true,"href":"https:\/\/www.bridgewatercandles.nl\/de\/wp-json\/wp\/v2\/product_brand?post=24938"},{"taxonomy":"product_cat","embeddable":true,"href":"https:\/\/www.bridgewatercandles.nl\/de\/wp-json\/wp\/v2\/product_cat?post=24938"},{"taxonomy":"product_tag","embeddable":true,"href":"https:\/\/www.bridgewatercandles.nl\/de\/wp-json\/wp\/v2\/product_tag?post=24938"}],"curies":[{"name":"wp","href":"https:\/\/api.w.org\/{rel}","templated":true}]}}