{"id":23295,"date":"2021-12-15T13:46:39","date_gmt":"2021-12-15T12:46:39","guid":{"rendered":"https:\/\/www.bridgewatercandles.nl\/product\/waschmittel-sweet-grace\/"},"modified":"2025-12-06T15:30:26","modified_gmt":"2025-12-06T14:30:26","slug":"waschmittel-sweet-grace","status":"publish","type":"product","link":"https:\/\/www.bridgewatercandles.nl\/de\/produkt\/waschmittel-sweet-grace\/","title":{"rendered":"Feinwaschmittel Sweet Grace"},"content":{"rendered":"<p>Waschen, trocknen, duften, wiederholen! Duftnoten von Passionsfrucht, Tee und Patchouli geben jedem W\u00c3\u00a4schest\u00c3\u00bcck die besondere Duftbehandlung, die es verdient.<\/p>\n<p>Sauber und wohlriechend mit unbedenklichen Inhaltsstoffen &#8211; f\u00c3\u00bcr ein Wascherlebnis, das allen Freude macht!<\/p>\n<p>&#8211; Feinwaschmittel f\u00c3\u00bcr alle Textilien<\/p>\n<p>&#8211; konzentriertes Produkt = weniger Abfall<\/p>\n<p>&#8211; F\u00c3\u00bcr bis zu 60 W\u00c3\u00a4schen &#8211; das sind bis zu 3 Mal mehr W\u00c3\u00a4schen als bei Waschmitteln der Konkurrenz!<\/p>\n<p>&#8211; Erfrischungseffekt mit der Mikrokapsel-Formulierung CAPS TM<\/p>\n<p>&#8211; Alle Waschtemperaturen von 30-95\u00c2\u00b0<\/p>\n<p>&#8211; Schonend f\u00c3\u00bcr Haut und Gewebe (ohne Bleichmittel und Farbstoffe)<\/p>\n<p>&#8211; Dermatest: ausgezeichnet<\/p>\n<p>&#8211; Kalkschutz f\u00c3\u00bcr Maschine und Textilien<\/p>\n<p>&#8211; Farbschutz f\u00c3\u00bcr brillante Farben<\/p>\n<p>&nbsp;<\/p>\n<p>Kein Unsinn. Wir f\u00c3\u00bchlen uns daf\u00c3\u00bcr verantwortlich, ein Produkt zu entwickeln, das frei von unn\u00c3\u00b6tigen und sch\u00c3\u00a4dlichen Inhaltsstoffen ist. Deshalb haben wir darauf geachtet, dass es keine Parabene, Mikrokunststoffe, Silikone, Schwermetalle, BSE oder TSE, Farbstoffe &amp; F\u00c3\u00bcllstoffe, Bleichmittel und tierische Produkte enth\u00c3\u00a4lt. Schonend f\u00c3\u00bcr Sie, Ihre Maschine, Ihre Textilien und die Umwelt.<\/p>\n<p>&nbsp;<\/p>\n<p>Probieren Sie auch unser Sweet Grace W\u00c3\u00a4scheparfum f\u00c3\u00bcr einen zus\u00c3\u00a4tzlichen Duftschub in der Waschmaschine oder im Trockner!<\/p>\n<p>&nbsp;<\/p>\n<p>Inhaltsstoffe nach 648\/2004\/EC &#8211; Detergenzienverordnung: <a href=\"https:\/\/drive.google.com\/file\/d\/13I_BQnXUvP0ymGv7W0-G7v2twUYrwhC6\/view?usp=sharing\" target=\"_blank\" rel=\"noopener\">HIER<\/a><\/p>\n","protected":false},"excerpt":{"rendered":"<p>Fl\u00fcssiges Feinwaschmittel f\u00fcr alle Stoffe und Temperaturen. Duftende und saubere W\u00e4sche mit Sweet Grace!<\/p>\n<p><strong>Kopfnoten:<\/strong> Passionsfrucht<\/p>\n<p><strong>Herznoten:<\/strong> Tee<\/p>\n<p><strong>Basisnoten:<\/strong> Patchouli<\/p>\n","protected":false},"featured_media":23275,"comment_status":"open","ping_status":"open","template":"","meta":[],"product_brand":[],"product_cat":[1165,1131,1693,1164,1174,1175,1521],"product_tag":[],"class_list":{"0":"post-23295","1":"product","2":"type-product","3":"status-publish","4":"has-post-thumbnail","6":"product_cat-andere-produkte","7":"product_cat-bridgewater-de","8":"product_cat-feinwaschmittel","9":"product_cat-orientalisch-wuerzig","10":"product_cat-sweet-grace-de","11":"product_cat-sweet-grace-collection-de","12":"product_cat-waeschepflege","13":"pif-has-gallery","15":"first","16":"instock","17":"taxable","18":"shipping-taxable","19":"product-type-simple"},"_links":{"self":[{"href":"https:\/\/www.bridgewatercandles.nl\/de\/wp-json\/wp\/v2\/product\/23295","targetHints":{"allow":["GET"]}}],"collection":[{"href":"https:\/\/www.bridgewatercandles.nl\/de\/wp-json\/wp\/v2\/product"}],"about":[{"href":"https:\/\/www.bridgewatercandles.nl\/de\/wp-json\/wp\/v2\/types\/product"}],"replies":[{"embeddable":true,"href":"https:\/\/www.bridgewatercandles.nl\/de\/wp-json\/wp\/v2\/comments?post=23295"}],"wp:featuredmedia":[{"embeddable":true,"href":"https:\/\/www.bridgewatercandles.nl\/de\/wp-json\/wp\/v2\/media\/23275"}],"wp:attachment":[{"href":"https:\/\/www.bridgewatercandles.nl\/de\/wp-json\/wp\/v2\/media?parent=23295"}],"wp:term":[{"taxonomy":"product_brand","embeddable":true,"href":"https:\/\/www.bridgewatercandles.nl\/de\/wp-json\/wp\/v2\/product_brand?post=23295"},{"taxonomy":"product_cat","embeddable":true,"href":"https:\/\/www.bridgewatercandles.nl\/de\/wp-json\/wp\/v2\/product_cat?post=23295"},{"taxonomy":"product_tag","embeddable":true,"href":"https:\/\/www.bridgewatercandles.nl\/de\/wp-json\/wp\/v2\/product_tag?post=23295"}],"curies":[{"name":"wp","href":"https:\/\/api.w.org\/{rel}","templated":true}]}}