{"id":21285,"date":"2021-08-10T14:35:30","date_gmt":"2021-08-10T12:35:30","guid":{"rendered":"https:\/\/www.bridgewatercandles.nl\/product\/toiletry-bag-bridgewater-bk\/"},"modified":"2025-10-29T13:30:13","modified_gmt":"2025-10-29T12:30:13","slug":"toiletry-bag-bridgewater-bk","status":"publish","type":"product","link":"https:\/\/www.bridgewatercandles.nl\/de\/produkt\/toiletry-bag-bridgewater-bk\/","title":{"rendered":"Kosmetiktasche Bridgewater"},"content":{"rendered":"<p>Nimm&#8217;s mit! Eine besondere Erg\u00c3\u00a4nzung der K\u00c3\u00b6rperpflegelinie: Ein luxuri\u00c3\u00b6ser Kulturbeutel, in den alle neuen Sweet Grace K\u00c3\u00b6rperpflegeprodukte und mehr passen. Ein weicher schwarzer Samtstoff sowie ein abwischbares Inlay verbinden puren Luxus mit Funktionalit\u00c3\u00a4t. Bereit f\u00c3\u00bcr den n\u00c3\u00a4chsten Urlaub! Das klassische Bridgewater-Muster findet sich nat\u00c3\u00bcrlich auch auf dieser Tasche wieder und macht die Kollektion komplett. Auch erh\u00c3\u00a4ltlich in warmem Grau\/Beige.<\/p>\n<p>So ger\u00c3\u00a4umig! Es passen alle 6 Bridgewater Bodycare-Produkte und noch mehr Dinge von Ihnen selbst hinein.<\/p>\n<p>Auch eine tolle Geschenkidee! Machen Sie ein Bodycare &amp; Home Fragrance Set und verstauen Sie alles in dieser weichen Tasche.<\/p>\n","protected":false},"excerpt":{"rendered":"<p>Luxuri\u00f6ser und weicher schwarzer Samt-Kosmetikbeutel &#8211; geeignet f\u00fcr alle Bridgewater K\u00f6rperpflegeprodukte.<\/p>\n","protected":false},"featured_media":21241,"comment_status":"open","ping_status":"open","template":"","meta":[],"product_brand":[],"product_cat":[1165,1131,1496,1419],"product_tag":[],"class_list":{"0":"post-21285","1":"product","2":"type-product","3":"status-publish","4":"has-post-thumbnail","6":"product_cat-andere-produkte","7":"product_cat-bridgewater-de","8":"product_cat-geschenke","9":"product_cat-koerperpflege","11":"first","12":"outofstock","13":"taxable","14":"shipping-taxable","15":"product-type-simple"},"_links":{"self":[{"href":"https:\/\/www.bridgewatercandles.nl\/de\/wp-json\/wp\/v2\/product\/21285","targetHints":{"allow":["GET"]}}],"collection":[{"href":"https:\/\/www.bridgewatercandles.nl\/de\/wp-json\/wp\/v2\/product"}],"about":[{"href":"https:\/\/www.bridgewatercandles.nl\/de\/wp-json\/wp\/v2\/types\/product"}],"replies":[{"embeddable":true,"href":"https:\/\/www.bridgewatercandles.nl\/de\/wp-json\/wp\/v2\/comments?post=21285"}],"wp:featuredmedia":[{"embeddable":true,"href":"https:\/\/www.bridgewatercandles.nl\/de\/wp-json\/wp\/v2\/media\/21241"}],"wp:attachment":[{"href":"https:\/\/www.bridgewatercandles.nl\/de\/wp-json\/wp\/v2\/media?parent=21285"}],"wp:term":[{"taxonomy":"product_brand","embeddable":true,"href":"https:\/\/www.bridgewatercandles.nl\/de\/wp-json\/wp\/v2\/product_brand?post=21285"},{"taxonomy":"product_cat","embeddable":true,"href":"https:\/\/www.bridgewatercandles.nl\/de\/wp-json\/wp\/v2\/product_cat?post=21285"},{"taxonomy":"product_tag","embeddable":true,"href":"https:\/\/www.bridgewatercandles.nl\/de\/wp-json\/wp\/v2\/product_tag?post=21285"}],"curies":[{"name":"wp","href":"https:\/\/api.w.org\/{rel}","templated":true}]}}