{"id":21284,"date":"2021-08-10T14:35:35","date_gmt":"2021-08-10T12:35:35","guid":{"rendered":"https:\/\/www.bridgewatercandles.nl\/product\/toiletry-bag-bridgewater-be\/"},"modified":"2025-08-28T17:53:19","modified_gmt":"2025-08-28T15:53:19","slug":"toiletry-bag-bridgewater-be-3","status":"publish","type":"product","link":"https:\/\/www.bridgewatercandles.nl\/de\/produkt\/toiletry-bag-bridgewater-be-3\/","title":{"rendered":"Kosmetiktasche Bridgewater"},"content":{"rendered":"<p>Nimm&#8217;s mit.<br \/>\nEine besondere Erg\u00c3\u00a4nzung der K\u00c3\u00b6rperpflegelinie: Ein luxuri\u00c3\u00b6ser Kulturbeutel, in den alle neuen Sweet Grace K\u00c3\u00b6rperpflegeprodukte und mehr passen. Ein weicher grau\/beiger Samtstoff sowie ein abwischbares Inlay verbinden puren Luxus mit Funktionalit\u00c3\u00a4t. Bereit f\u00c3\u00bcr den n\u00c3\u00a4chsten Urlaub! Das klassische Bridgewater-Muster findet sich nat\u00c3\u00bcrlich auch auf dieser Tasche wieder und macht die Kollektion komplett. Auch erh\u00c3\u00a4ltlich in Schwarz.<\/p>\n<p>Sch\u00c3\u00b6n ger\u00c3\u00a4umig! Es passen alle 6 Bridgewater Bodycare-Produkte und noch mehr Kosmetikprodukte von Ihnen selbst hinein.<\/p>\n<p>Auch eine tolle Geschenkidee! Erstellen Sie Ihr Bodycare &amp; Raumduft Set und verstauen Sie alles in dieser weichen Tasche.<\/p>\n","protected":false},"excerpt":{"rendered":"<p>Luxuri\u00f6ser und weicher beiger Samt-Kosmetikbeutel &#8211; geeignet f\u00fcr alle Bridgewater K\u00f6rperpflegeprodukte.<\/p>\n","protected":false},"featured_media":20818,"comment_status":"open","ping_status":"open","template":"","meta":[],"product_brand":[],"product_cat":[],"product_tag":[],"class_list":{"0":"post-21284","1":"product","2":"type-product","3":"status-publish","4":"has-post-thumbnail","6":"pif-has-gallery","8":"first","9":"outofstock","10":"taxable","11":"shipping-taxable","12":"product-type-simple"},"_links":{"self":[{"href":"https:\/\/www.bridgewatercandles.nl\/de\/wp-json\/wp\/v2\/product\/21284","targetHints":{"allow":["GET"]}}],"collection":[{"href":"https:\/\/www.bridgewatercandles.nl\/de\/wp-json\/wp\/v2\/product"}],"about":[{"href":"https:\/\/www.bridgewatercandles.nl\/de\/wp-json\/wp\/v2\/types\/product"}],"replies":[{"embeddable":true,"href":"https:\/\/www.bridgewatercandles.nl\/de\/wp-json\/wp\/v2\/comments?post=21284"}],"wp:featuredmedia":[{"embeddable":true,"href":"https:\/\/www.bridgewatercandles.nl\/de\/wp-json\/wp\/v2\/media\/20818"}],"wp:attachment":[{"href":"https:\/\/www.bridgewatercandles.nl\/de\/wp-json\/wp\/v2\/media?parent=21284"}],"wp:term":[{"taxonomy":"product_brand","embeddable":true,"href":"https:\/\/www.bridgewatercandles.nl\/de\/wp-json\/wp\/v2\/product_brand?post=21284"},{"taxonomy":"product_cat","embeddable":true,"href":"https:\/\/www.bridgewatercandles.nl\/de\/wp-json\/wp\/v2\/product_cat?post=21284"},{"taxonomy":"product_tag","embeddable":true,"href":"https:\/\/www.bridgewatercandles.nl\/de\/wp-json\/wp\/v2\/product_tag?post=21284"}],"curies":[{"name":"wp","href":"https:\/\/api.w.org\/{rel}","templated":true}]}}