{"id":21270,"date":"2021-09-23T17:55:32","date_gmt":"2021-09-23T15:55:32","guid":{"rendered":"https:\/\/www.bridgewatercandles.nl\/product\/wax-bar-up-with-the-sun\/"},"modified":"2025-11-27T17:34:59","modified_gmt":"2025-11-27T16:34:59","slug":"wax-bar-up-with-the-sun-2","status":"publish","type":"product","link":"https:\/\/www.bridgewatercandles.nl\/de\/produkt\/wax-bar-up-with-the-sun-2\/","title":{"rendered":"Duftwachs Up With the Sun"},"content":{"rendered":"<p>Aufstehen und die ersten Sonnenstrahlen wecken die Sinne! Up with the Sun ist ein erfrischender, stimmungsaufhellender Duft, der belebende Noten von Zitrone, Pfeffer und Geranie vereint mit der mit der unbestreitbaren, moschusartigen W\u00c3\u00a4rme von Sandelholz, Zedernholz und Amber. Wenn Sie jemals einen guten Grund gebraucht haben, um ein Morgenmensch zu werden, dann ist es wohl dieser Duft!<br \/>\nBringen Sie Ihren Lieblingsduft ganz einfach zu Ihnen nach Hause. Legen Sie einfach ein kleines Wachsst\u00c3\u00bcck in einen Bridgewater-Wachsbrenner. Wenn das Wachs schmilzt, wird der Duft freigesetzt. Augen zu und genie\u00c3\u009fen! Duft h\u00c3\u00a4lt bis zu 50-80 Stunden an. 6 Wachs Quadrate enthalten.<\/p>\n","protected":false},"excerpt":{"rendered":"<p>Schmelzen Sie diese Wachstst\u00fccke, lehnen Sie sich zur\u00fcck und genie\u00dfen Sie Ihr duftendes Zimmer.<br \/>\n<strong style=\"font-size: 14.4px;\">Brenndauer<\/strong><span style=\"font-size: 14.4px;\">: 50-80 Stunden<\/span><\/p>\n<p><strong>Kopfnote: <\/strong>Zitronenpfeffer, Galbanum<br \/>\n<strong>Herznote: <\/strong>Geranie, Wasserblumen<br \/>\n<strong>Basisnote: <\/strong> Sandelholz, Patchouli, Ingwer, Moos, Zedernholz, Bernstein<\/p>\n","protected":false},"featured_media":21173,"comment_status":"open","ping_status":"open","template":"","meta":[],"product_brand":[],"product_cat":[1131,1152,1492,1148],"product_tag":[],"class_list":{"0":"post-21270","1":"product","2":"type-product","3":"status-publish","4":"has-post-thumbnail","6":"product_cat-bridgewater-de","7":"product_cat-kraeuter","8":"product_cat-up-with-the-sun-de","9":"product_cat-waxbars","11":"first","12":"outofstock","13":"taxable","14":"shipping-taxable","15":"product-type-simple"},"_links":{"self":[{"href":"https:\/\/www.bridgewatercandles.nl\/de\/wp-json\/wp\/v2\/product\/21270","targetHints":{"allow":["GET"]}}],"collection":[{"href":"https:\/\/www.bridgewatercandles.nl\/de\/wp-json\/wp\/v2\/product"}],"about":[{"href":"https:\/\/www.bridgewatercandles.nl\/de\/wp-json\/wp\/v2\/types\/product"}],"replies":[{"embeddable":true,"href":"https:\/\/www.bridgewatercandles.nl\/de\/wp-json\/wp\/v2\/comments?post=21270"}],"wp:featuredmedia":[{"embeddable":true,"href":"https:\/\/www.bridgewatercandles.nl\/de\/wp-json\/wp\/v2\/media\/21173"}],"wp:attachment":[{"href":"https:\/\/www.bridgewatercandles.nl\/de\/wp-json\/wp\/v2\/media?parent=21270"}],"wp:term":[{"taxonomy":"product_brand","embeddable":true,"href":"https:\/\/www.bridgewatercandles.nl\/de\/wp-json\/wp\/v2\/product_brand?post=21270"},{"taxonomy":"product_cat","embeddable":true,"href":"https:\/\/www.bridgewatercandles.nl\/de\/wp-json\/wp\/v2\/product_cat?post=21270"},{"taxonomy":"product_tag","embeddable":true,"href":"https:\/\/www.bridgewatercandles.nl\/de\/wp-json\/wp\/v2\/product_tag?post=21270"}],"curies":[{"name":"wp","href":"https:\/\/api.w.org\/{rel}","templated":true}]}}