{"id":21266,"date":"2021-10-11T18:30:17","date_gmt":"2021-10-11T16:30:17","guid":{"rendered":"https:\/\/www.bridgewatercandles.nl\/product\/christmas-bliss-l-gift-box\/"},"modified":"2025-08-21T15:30:27","modified_gmt":"2025-08-21T13:30:27","slug":"christmas-bliss-l-gift-box","status":"publish","type":"product","link":"https:\/\/www.bridgewatercandles.nl\/de\/produkt\/christmas-bliss-l-gift-box\/","title":{"rendered":"Geschenkbox Christmas Bliss"},"content":{"rendered":"<p>Das perfekte Weihnachtsgeschenk. Zaubern Sie Ihrer Mutter, Tochter, Lehrerin, Freundin oder sich selbst ein L\u00c3\u00a4cheln ins Gesicht mit dieser duftenden Christmas Bliss Geschenkbox. Eine Duftkerze im Glas und ein Duftbeutel unseres Bestsellers Christmas Bliss zusammen mit passenden Bridgewater Streichh\u00c3\u00b6lzern, verpackt in einer luxuri\u00c3\u00b6sen wei\u00c3\u009fen Geschenkbox, machen zusammen das perfekte Geschenk. Als kleines Highlight wird der Duftbeutel mit einem eleganten goldenen Metallrahmen geliefert, mit dem Sie Ihr Dufts\u00c3\u00a4ckchen nach Belieben dekorieren k\u00c3\u00b6nnen. Jedem Geschenkpaket liegt eine kostenlose Wunschkarte bei, die Ihr Geschenk f\u00c3\u00bcr Ihre Liebsten besonders pers\u00c3\u00b6nlich macht.<\/p>\n<p>Christmas Bliss ist der beliebteste Bridgewater Weihnachtsduft unserer Kunden. Eine einzigartige Mischung aus allen klassischen Winterduftnoten wie Ingwer, Muskatnuss, Zimt, Nelke und Karamell verwandelt Ihr Zuhause in ein kleines Weihnachtswunderland.<\/p>\n<p>Dieses Geschenkpaket ist perfekt f\u00c3\u00bcr alle, die auf der Suche nach einem tollen, einfachen Weihnachtsgeschenk sind oder einfach nur weihnachtliche Raumd\u00c3\u00bcfte lieben oder neue Bridgewater D\u00c3\u00bcfte ausprobieren m\u00c3\u00b6chten. <\/p>\n<h4><strong>Was ist in diesem Geschenkset?<\/strong><\/h4>\n<ul>\n<li>Christmas Bliss Duftbeutel mit bis zu 4 Monaten Duftabgabe.<\/li>\n<li>Metall Duftbeutelrahmen in Gold.<\/li>\n<li>Christmas Bliss Kerze im Glas S. Brenndauer bis zu 70 Stunden.<\/li>\n<li>Bridgewater Streichh\u00c3\u00b6lzer.<\/li>\n<li>GRATIS Klappkarte<\/li>\n<\/ul>\n<p>Kommen Sie in Weihnachtsstimmung mit warmer Vanille, Muskatnuss und Zimt.<\/p>\n","protected":false},"excerpt":{"rendered":"<p>Luxuri\u00f6se Christmas Bliss Geschenkbox mit Kerzenglas S, Duftbeutel, Metallrahmen f\u00fcr den Duftbeutel, Streichh\u00f6lzern und einer kostenloser Geschenkkarte.<br \/>\n<strong style=\"font-size: 14.4px;\"><\/strong><span style=\"font-size: 14.4px;\">: <\/span><\/p>\n<p><strong>Kopfnote: <\/strong>Ingwergras &#038; Muskatnuss<br \/>\n<strong>Herznote: <\/strong>Zimt &#038; Gew\u00fcrznelke<br \/>\n<strong>Basisnote: <\/strong> Karamell<\/p>\n","protected":false},"featured_media":20746,"comment_status":"open","ping_status":"open","template":"","meta":[],"product_brand":[],"product_cat":[],"product_tag":[],"class_list":{"0":"post-21266","1":"product","2":"type-product","3":"status-publish","4":"has-post-thumbnail","6":"pif-has-gallery","8":"first","9":"outofstock","10":"taxable","11":"shipping-taxable","12":"product-type-simple"},"_links":{"self":[{"href":"https:\/\/www.bridgewatercandles.nl\/de\/wp-json\/wp\/v2\/product\/21266","targetHints":{"allow":["GET"]}}],"collection":[{"href":"https:\/\/www.bridgewatercandles.nl\/de\/wp-json\/wp\/v2\/product"}],"about":[{"href":"https:\/\/www.bridgewatercandles.nl\/de\/wp-json\/wp\/v2\/types\/product"}],"replies":[{"embeddable":true,"href":"https:\/\/www.bridgewatercandles.nl\/de\/wp-json\/wp\/v2\/comments?post=21266"}],"wp:featuredmedia":[{"embeddable":true,"href":"https:\/\/www.bridgewatercandles.nl\/de\/wp-json\/wp\/v2\/media\/20746"}],"wp:attachment":[{"href":"https:\/\/www.bridgewatercandles.nl\/de\/wp-json\/wp\/v2\/media?parent=21266"}],"wp:term":[{"taxonomy":"product_brand","embeddable":true,"href":"https:\/\/www.bridgewatercandles.nl\/de\/wp-json\/wp\/v2\/product_brand?post=21266"},{"taxonomy":"product_cat","embeddable":true,"href":"https:\/\/www.bridgewatercandles.nl\/de\/wp-json\/wp\/v2\/product_cat?post=21266"},{"taxonomy":"product_tag","embeddable":true,"href":"https:\/\/www.bridgewatercandles.nl\/de\/wp-json\/wp\/v2\/product_tag?post=21266"}],"curies":[{"name":"wp","href":"https:\/\/api.w.org\/{rel}","templated":true}]}}