{"id":21264,"date":"2021-10-11T18:30:22","date_gmt":"2021-10-11T16:30:22","guid":{"rendered":"https:\/\/www.bridgewatercandles.nl\/product\/festive-frazierl-gift-box\/"},"modified":"2025-08-21T15:30:32","modified_gmt":"2025-08-21T13:30:32","slug":"festive-frazierl-gift-box","status":"publish","type":"product","link":"https:\/\/www.bridgewatercandles.nl\/de\/produkt\/festive-frazierl-gift-box\/","title":{"rendered":"Geschenkbox Festive Frasier"},"content":{"rendered":"<p>Das perfekte Weihnachtsgeschenk. Zaubern Sie Ihrer Mutter, Tochter, Lehrerin, Partnerin\/Partner Freund\/in oder sich selbst ein L\u00c3\u00a4cheln ins Gesicht mit dieser duftenden Festive Frasier Geschenkbox. Ein Kerzenglas und ein Duftbeutel unseres neuesten Winterduftes &#8222;Festive Frasier&#8220; zusammen mit passenden Bridgewater Streichh\u00c3\u00b6lzern, verpackt in einer luxuri\u00c3\u00b6sen wei\u00c3\u009fen Geschenkbox, sind das perfekte Geschenk. Als kleines Highlight wird der Duftbeutel mit einem eleganten schwarzen Metallrahmen geliefert, mit dem Sie Ihren Duftbeutel nach Belieben dekorieren k\u00c3\u00b6nnen. Jedem Geschenkpaket liegt eine kostenlose Wunschkarte bei, die Ihr Geschenk f\u00c3\u00bcr Ihre Liebsten besonders pers\u00c3\u00b6nlich macht.<\/p>\n<p>Festive Frasier ist der neueste, frische und raffinierte Kr\u00c3\u00a4uterduft f\u00c3\u00bcr den Winter, eine besondere Mischung aus frischen Noten, die an einen Winterspaziergang im Wald erinnern: Tannennadeln, Zedernbl\u00c3\u00a4tter, Eiche, Patchouli, Moschus, Galbanum &#8211; der Duft der kalten Jahreszeit!<\/p>\n<p>Dieses Geschenkpaket ist perfekt f\u00c3\u00bcr alle, die auf der Suche nach einem tollen, einfachen Weihnachtsgeschenk sind oder einfach nur gem\u00c3\u00bctliche Winterd\u00c3\u00bcfte f\u00c3\u00bcr zu Hause lieben oder gerne neue Bridgewater D\u00c3\u00bcfte ausprobieren. <\/p>\n<h4><strong>Was ist in diesem Geschenkset?<\/strong><\/h4>\n<ul>\n<li>Festive Frasier Duftbeutel mit bis zu 4 Monaten Duftabgabe.<\/li>\n<li>Metall Duftbeutelrahmen in Schwarz.<\/li>\n<li>Festive Frasier Kerze im Glas S. Brenndauer bis zu zu 70 Stunden.<\/li>\n<li>Bridgewater Streichh\u00c3\u00b6lzer.<\/li>\n<li>GRATIS Klappkarte<\/li>\n<\/ul>\n<p>Festive Frasier passt perfekt in die Weihnachtszeit und ist knackig, einladend und sch\u00c3\u00b6n frisch. Mit Noten von Tannennadeln, Zedernholz und Moschus ist dieser Duft voller Nostalgie und voller Tradition.<\/p>\n","protected":false},"excerpt":{"rendered":"<p>Luxuri\u00f6se Festive Frasier Geschenkbox mit Kerzenglas S, Duftbeutel, Metallrahmen f\u00fcr den Duftbeutel, Streichh\u00f6lzern und einer kostenloser Geschenkkarte.<br \/>\n<strong style=\"font-size: 14.4px;\"><\/strong><span style=\"font-size: 14.4px;\">: <\/span><\/p>\n<p><strong>Kopfnote: <\/strong>Tannennadeln, Zedernblatt, gr\u00fcne Noten<br \/>\n<strong>Herznote: <\/strong>Zedernholz, Galbanum<br \/>\n<strong>Basisnote: <\/strong> Marmeladige Noten, Eichenmoos, Patchouli, Moschus<\/p>\n","protected":false},"featured_media":20761,"comment_status":"open","ping_status":"open","template":"","meta":[],"product_brand":[],"product_cat":[1165,1131,1476,1141,1393,1499,1496,1788],"product_tag":[],"class_list":{"0":"post-21264","1":"product","2":"type-product","3":"status-publish","4":"has-post-thumbnail","6":"product_cat-andere-produkte","7":"product_cat-bridgewater-de","8":"product_cat-festive-frasier-de","9":"product_cat-frisch","10":"product_cat-geschenk-set","11":"product_cat-geschenkbox","12":"product_cat-geschenke","13":"product_cat-weihnachten","15":"first","16":"outofstock","17":"taxable","18":"shipping-taxable","19":"product-type-simple"},"_links":{"self":[{"href":"https:\/\/www.bridgewatercandles.nl\/de\/wp-json\/wp\/v2\/product\/21264","targetHints":{"allow":["GET"]}}],"collection":[{"href":"https:\/\/www.bridgewatercandles.nl\/de\/wp-json\/wp\/v2\/product"}],"about":[{"href":"https:\/\/www.bridgewatercandles.nl\/de\/wp-json\/wp\/v2\/types\/product"}],"replies":[{"embeddable":true,"href":"https:\/\/www.bridgewatercandles.nl\/de\/wp-json\/wp\/v2\/comments?post=21264"}],"wp:featuredmedia":[{"embeddable":true,"href":"https:\/\/www.bridgewatercandles.nl\/de\/wp-json\/wp\/v2\/media\/20761"}],"wp:attachment":[{"href":"https:\/\/www.bridgewatercandles.nl\/de\/wp-json\/wp\/v2\/media?parent=21264"}],"wp:term":[{"taxonomy":"product_brand","embeddable":true,"href":"https:\/\/www.bridgewatercandles.nl\/de\/wp-json\/wp\/v2\/product_brand?post=21264"},{"taxonomy":"product_cat","embeddable":true,"href":"https:\/\/www.bridgewatercandles.nl\/de\/wp-json\/wp\/v2\/product_cat?post=21264"},{"taxonomy":"product_tag","embeddable":true,"href":"https:\/\/www.bridgewatercandles.nl\/de\/wp-json\/wp\/v2\/product_tag?post=21264"}],"curies":[{"name":"wp","href":"https:\/\/api.w.org\/{rel}","templated":true}]}}