{"id":15893,"date":"2020-11-17T14:10:08","date_gmt":"2020-11-17T13:10:08","guid":{"rendered":"https:\/\/www.bridgewatercandles.nl\/product\/wax-bar-blue-door\/"},"modified":"2025-12-05T15:31:23","modified_gmt":"2025-12-05T14:31:23","slug":"wax-bar-blue-door","status":"publish","type":"product","link":"https:\/\/www.bridgewatercandles.nl\/de\/produkt\/wax-bar-blue-door\/","title":{"rendered":"Duftwachs Blue Door"},"content":{"rendered":"<p>Ein Ausflug zum verwunschenen Holzhaus mit der blauen T\u00c3\u00bcr. Auf dem Weg liegt ein warmer Duft von Mandarine und Zedernholz in der Luft.<br \/>\nBringen Sie Ihren Lieblingsduft ganz einfach zu Ihnen nach Hause. Legen Sie einfach ein kleines Wachsst\u00c3\u00bcck in einen Bridgewater-Wachsbrenner. Wenn das Wachs schmilzt, wird der Duft freigesetzt. Augen zu und genie\u00c3\u009fen! Duft h\u00c3\u00a4lt bis zu 50-80 Stunden an. 6 Wachs Quadrate enthalten.<\/p>\n","protected":false},"excerpt":{"rendered":"<p>Schmelzen Sie diese Wachstst\u00fccke, lehnen Sie sich zur\u00fcck und genie\u00dfen Sie Ihr duftendes Zimmer.<br \/>\n<strong style=\"font-size: 14.4px;\">Brenndauer<\/strong><span style=\"font-size: 14.4px;\">: 50-80 Stunden<\/span><\/p>\n<p><strong>Kopfnote: <\/strong>Mandarin<br \/>\n<strong>Herznote: <\/strong>Cedar Wood, Nutmeg<br \/>\n<strong>Basisnote: <\/strong> Vetiver, White Musk, Tonka Bean<\/p>\n","protected":false},"featured_media":13347,"comment_status":"open","ping_status":"open","template":"","meta":[],"product_brand":[],"product_cat":[1129,1131,1153,1148],"product_tag":[],"class_list":{"0":"post-15893","1":"product","2":"type-product","3":"status-publish","4":"has-post-thumbnail","6":"product_cat-blue-door-de","7":"product_cat-bridgewater-de","8":"product_cat-holzig","9":"product_cat-waxbars","11":"first","12":"instock","13":"taxable","14":"shipping-taxable","15":"product-type-simple"},"_links":{"self":[{"href":"https:\/\/www.bridgewatercandles.nl\/de\/wp-json\/wp\/v2\/product\/15893","targetHints":{"allow":["GET"]}}],"collection":[{"href":"https:\/\/www.bridgewatercandles.nl\/de\/wp-json\/wp\/v2\/product"}],"about":[{"href":"https:\/\/www.bridgewatercandles.nl\/de\/wp-json\/wp\/v2\/types\/product"}],"replies":[{"embeddable":true,"href":"https:\/\/www.bridgewatercandles.nl\/de\/wp-json\/wp\/v2\/comments?post=15893"}],"wp:featuredmedia":[{"embeddable":true,"href":"https:\/\/www.bridgewatercandles.nl\/de\/wp-json\/wp\/v2\/media\/13347"}],"wp:attachment":[{"href":"https:\/\/www.bridgewatercandles.nl\/de\/wp-json\/wp\/v2\/media?parent=15893"}],"wp:term":[{"taxonomy":"product_brand","embeddable":true,"href":"https:\/\/www.bridgewatercandles.nl\/de\/wp-json\/wp\/v2\/product_brand?post=15893"},{"taxonomy":"product_cat","embeddable":true,"href":"https:\/\/www.bridgewatercandles.nl\/de\/wp-json\/wp\/v2\/product_cat?post=15893"},{"taxonomy":"product_tag","embeddable":true,"href":"https:\/\/www.bridgewatercandles.nl\/de\/wp-json\/wp\/v2\/product_tag?post=15893"}],"curies":[{"name":"wp","href":"https:\/\/api.w.org\/{rel}","templated":true}]}}