{"id":15889,"date":"2020-11-17T14:10:13","date_gmt":"2020-11-17T13:10:13","guid":{"rendered":"https:\/\/www.bridgewatercandles.nl\/product\/wax-bar-sweet-magnolia\/"},"modified":"2025-12-05T15:31:27","modified_gmt":"2025-12-05T14:31:27","slug":"wax-bar-sweet-magnolia","status":"publish","type":"product","link":"https:\/\/www.bridgewatercandles.nl\/de\/produkt\/wax-bar-sweet-magnolia\/","title":{"rendered":"Duftwachs Sweet Magnolia"},"content":{"rendered":"<p>Entdecken Sie die Freundlichkeit der s\u00c3\u00bcdlichen S\u00c3\u00bc\u00c3\u009fe einer bl\u00c3\u00bchenden Magnolie<br \/>\nBringen Sie Ihren Lieblingsduft ganz einfach zu Ihnen nach Hause. Legen Sie einfach ein kleines Wachsst\u00c3\u00bcck in einen Bridgewater-Wachsbrenner. Wenn das Wachs schmilzt, wird der Duft freigesetzt. Augen zu und genie\u00c3\u009fen! Duft h\u00c3\u00a4lt bis zu 50-80 Stunden an. 6 Wachs Quadrate enthalten.<\/p>\n","protected":false},"excerpt":{"rendered":"<p>Schmelzen Sie diese Wachstst\u00fccke, lehnen Sie sich zur\u00fcck und genie\u00dfen Sie Ihr duftendes Zimmer.<br \/>\n<strong style=\"font-size: 14.4px;\">Brenndauer<\/strong><span style=\"font-size: 14.4px;\">: 50-80 Stunden<\/span><\/p>\n<p><strong>Kopfnote: <\/strong>Leafy Greens<br \/>\n<strong>Herznote: <\/strong>Sweet Magnolia<br \/>\n<strong>Basisnote: <\/strong> Floral Musk<\/p>\n","protected":false},"featured_media":13369,"comment_status":"open","ping_status":"open","template":"","meta":[],"product_brand":[],"product_cat":[1128,1131,1176,1148],"product_tag":[],"class_list":{"0":"post-15889","1":"product","2":"type-product","3":"status-publish","4":"has-post-thumbnail","6":"product_cat-blumig","7":"product_cat-bridgewater-de","8":"product_cat-sweet-magnolia-de","9":"product_cat-waxbars","11":"first","12":"instock","13":"taxable","14":"shipping-taxable","15":"product-type-simple"},"_links":{"self":[{"href":"https:\/\/www.bridgewatercandles.nl\/de\/wp-json\/wp\/v2\/product\/15889","targetHints":{"allow":["GET"]}}],"collection":[{"href":"https:\/\/www.bridgewatercandles.nl\/de\/wp-json\/wp\/v2\/product"}],"about":[{"href":"https:\/\/www.bridgewatercandles.nl\/de\/wp-json\/wp\/v2\/types\/product"}],"replies":[{"embeddable":true,"href":"https:\/\/www.bridgewatercandles.nl\/de\/wp-json\/wp\/v2\/comments?post=15889"}],"wp:featuredmedia":[{"embeddable":true,"href":"https:\/\/www.bridgewatercandles.nl\/de\/wp-json\/wp\/v2\/media\/13369"}],"wp:attachment":[{"href":"https:\/\/www.bridgewatercandles.nl\/de\/wp-json\/wp\/v2\/media?parent=15889"}],"wp:term":[{"taxonomy":"product_brand","embeddable":true,"href":"https:\/\/www.bridgewatercandles.nl\/de\/wp-json\/wp\/v2\/product_brand?post=15889"},{"taxonomy":"product_cat","embeddable":true,"href":"https:\/\/www.bridgewatercandles.nl\/de\/wp-json\/wp\/v2\/product_cat?post=15889"},{"taxonomy":"product_tag","embeddable":true,"href":"https:\/\/www.bridgewatercandles.nl\/de\/wp-json\/wp\/v2\/product_tag?post=15889"}],"curies":[{"name":"wp","href":"https:\/\/api.w.org\/{rel}","templated":true}]}}