{"id":15884,"date":"2020-11-17T14:10:21","date_gmt":"2020-11-17T13:10:21","guid":{"rendered":"https:\/\/www.bridgewatercandles.nl\/product\/wax-bar-spring-dress\/"},"modified":"2025-12-02T17:30:51","modified_gmt":"2025-12-02T16:30:51","slug":"wax-bar-spring-dress-2","status":"publish","type":"product","link":"https:\/\/www.bridgewatercandles.nl\/de\/produkt\/wax-bar-spring-dress-2\/","title":{"rendered":"Duftwachs Spring Dress"},"content":{"rendered":"<p>Spazieren Sie durch den bl\u00c3\u00bchenden Fr\u00c3\u00bchlings-Garten durch die duftenden Bl\u00c3\u00bcten von Pfingstrosen, Magnolien, funkelnden Zitrusfr\u00c3\u00bcchten und entdecken Sie die warme Mahagoni Note, die den blumigen Duft umh\u00c3\u00bcllt.<br \/>\nBringen Sie Ihren Lieblingsduft ganz einfach zu Ihnen nach Hause. Legen Sie einfach ein kleines Wachsst\u00c3\u00bcck in einen Bridgewater-Wachsbrenner. Wenn das Wachs schmilzt, wird der Duft freigesetzt. Augen zu und genie\u00c3\u009fen! Duft h\u00c3\u00a4lt bis zu 50-80 Stunden an. 6 Wachs Quadrate enthalten.<\/p>\n","protected":false},"excerpt":{"rendered":"<p>Schmelzen Sie diese Wachstst\u00fccke, lehnen Sie sich zur\u00fcck und genie\u00dfen Sie Ihr duftendes Zimmer.<br \/>\n<strong style=\"font-size: 14.4px;\">Brenndauer<\/strong><span style=\"font-size: 14.4px;\">: 50-80 Stunden<\/span><\/p>\n<p><strong>Kopfnote: <\/strong>Peony &#038; Magnolia<br \/>\n<strong>Herznote: <\/strong>Citrus<br \/>\n<strong>Basisnote: <\/strong> Mahogany<\/p>\n","protected":false},"featured_media":13397,"comment_status":"open","ping_status":"open","template":"","meta":[],"product_brand":[],"product_cat":[1128,1131,1171,1148],"product_tag":[],"class_list":{"0":"post-15884","1":"product","2":"type-product","3":"status-publish","4":"has-post-thumbnail","6":"product_cat-blumig","7":"product_cat-bridgewater-de","8":"product_cat-spring-dress-de","9":"product_cat-waxbars","11":"first","12":"instock","13":"taxable","14":"shipping-taxable","15":"product-type-simple"},"_links":{"self":[{"href":"https:\/\/www.bridgewatercandles.nl\/de\/wp-json\/wp\/v2\/product\/15884","targetHints":{"allow":["GET"]}}],"collection":[{"href":"https:\/\/www.bridgewatercandles.nl\/de\/wp-json\/wp\/v2\/product"}],"about":[{"href":"https:\/\/www.bridgewatercandles.nl\/de\/wp-json\/wp\/v2\/types\/product"}],"replies":[{"embeddable":true,"href":"https:\/\/www.bridgewatercandles.nl\/de\/wp-json\/wp\/v2\/comments?post=15884"}],"wp:featuredmedia":[{"embeddable":true,"href":"https:\/\/www.bridgewatercandles.nl\/de\/wp-json\/wp\/v2\/media\/13397"}],"wp:attachment":[{"href":"https:\/\/www.bridgewatercandles.nl\/de\/wp-json\/wp\/v2\/media?parent=15884"}],"wp:term":[{"taxonomy":"product_brand","embeddable":true,"href":"https:\/\/www.bridgewatercandles.nl\/de\/wp-json\/wp\/v2\/product_brand?post=15884"},{"taxonomy":"product_cat","embeddable":true,"href":"https:\/\/www.bridgewatercandles.nl\/de\/wp-json\/wp\/v2\/product_cat?post=15884"},{"taxonomy":"product_tag","embeddable":true,"href":"https:\/\/www.bridgewatercandles.nl\/de\/wp-json\/wp\/v2\/product_tag?post=15884"}],"curies":[{"name":"wp","href":"https:\/\/api.w.org\/{rel}","templated":true}]}}