{"id":15876,"date":"2020-11-17T14:20:44","date_gmt":"2020-11-17T13:20:44","guid":{"rendered":"https:\/\/www.bridgewatercandles.nl\/product\/wax-bar-afternoon-retreat\/"},"modified":"2025-12-05T15:31:33","modified_gmt":"2025-12-05T14:31:33","slug":"wax-bar-afternoon-retreat","status":"publish","type":"product","link":"https:\/\/www.bridgewatercandles.nl\/de\/produkt\/wax-bar-afternoon-retreat\/","title":{"rendered":"Duftwachs Afternoon Retreat"},"content":{"rendered":"<p>Lassen Sie sich in ein Bett aus weichem Moos, Teakholz, Sandelholz und Bernstein fallen, w\u00c3\u00a4hrend eine leichte Brise frischer Bergamotte und Limette in der Luft liegt.<br \/>\nBringen Sie Ihren Lieblingsduft ganz einfach zu Ihnen nach Hause. Legen Sie einfach ein kleines Wachsst\u00c3\u00bcck in einen Bridgewater-Wachsbrenner. Wenn das Wachs schmilzt, wird der Duft freigesetzt. Augen zu und genie\u00c3\u009fen! Duft h\u00c3\u00a4lt bis zu 50-80 Stunden an. 6 Wachs Quadrate enthalten.<\/p>\n","protected":false},"excerpt":{"rendered":"<p>Schmelzen Sie diese Wachstst\u00fccke, lehnen Sie sich zur\u00fcck und genie\u00dfen Sie Ihr duftendes Zimmer.<br \/>\n<strong style=\"font-size: 14.4px;\">Brenndauer<\/strong><span style=\"font-size: 14.4px;\">: 50-80 Stunden<\/span><\/p>\n<p><strong>Kopfnote: <\/strong>Mandarin &#038; Bergamot<br \/>\n<strong>Herznote: <\/strong>Lime &#038; Moss<br \/>\n<strong>Basisnote: <\/strong> Anise &#038; Geranium<\/p>\n","protected":false},"featured_media":13449,"comment_status":"open","ping_status":"open","template":"","meta":[],"product_brand":[],"product_cat":[1121,1131,1153,1148],"product_tag":[],"class_list":{"0":"post-15876","1":"product","2":"type-product","3":"status-publish","4":"has-post-thumbnail","6":"product_cat-afternoon-retreat-de","7":"product_cat-bridgewater-de","8":"product_cat-holzig","9":"product_cat-waxbars","11":"first","12":"instock","13":"taxable","14":"shipping-taxable","15":"product-type-simple"},"_links":{"self":[{"href":"https:\/\/www.bridgewatercandles.nl\/de\/wp-json\/wp\/v2\/product\/15876","targetHints":{"allow":["GET"]}}],"collection":[{"href":"https:\/\/www.bridgewatercandles.nl\/de\/wp-json\/wp\/v2\/product"}],"about":[{"href":"https:\/\/www.bridgewatercandles.nl\/de\/wp-json\/wp\/v2\/types\/product"}],"replies":[{"embeddable":true,"href":"https:\/\/www.bridgewatercandles.nl\/de\/wp-json\/wp\/v2\/comments?post=15876"}],"wp:featuredmedia":[{"embeddable":true,"href":"https:\/\/www.bridgewatercandles.nl\/de\/wp-json\/wp\/v2\/media\/13449"}],"wp:attachment":[{"href":"https:\/\/www.bridgewatercandles.nl\/de\/wp-json\/wp\/v2\/media?parent=15876"}],"wp:term":[{"taxonomy":"product_brand","embeddable":true,"href":"https:\/\/www.bridgewatercandles.nl\/de\/wp-json\/wp\/v2\/product_brand?post=15876"},{"taxonomy":"product_cat","embeddable":true,"href":"https:\/\/www.bridgewatercandles.nl\/de\/wp-json\/wp\/v2\/product_cat?post=15876"},{"taxonomy":"product_tag","embeddable":true,"href":"https:\/\/www.bridgewatercandles.nl\/de\/wp-json\/wp\/v2\/product_tag?post=15876"}],"curies":[{"name":"wp","href":"https:\/\/api.w.org\/{rel}","templated":true}]}}