{"id":15875,"date":"2020-11-17T14:20:45","date_gmt":"2020-11-17T13:20:45","guid":{"rendered":"https:\/\/www.bridgewatercandles.nl\/product\/wax-bar-kiss-in-the-rain\/"},"modified":"2025-12-05T15:31:39","modified_gmt":"2025-12-05T14:31:39","slug":"wax-bar-kiss-in-the-rain","status":"publish","type":"product","link":"https:\/\/www.bridgewatercandles.nl\/de\/produkt\/wax-bar-kiss-in-the-rain\/","title":{"rendered":"Duftwachs Kiss in the Rain"},"content":{"rendered":"<p>Diesen unbestreitbar magische Moment, in dem man sich ineinander verliert, w\u00c3\u00a4hrend die Funken bei einer vertr\u00c3\u00a4umten Umarmung nur so spr\u00c3\u00bchen. Ein leidenschaftlicher Nebel aus schwarzen Johannisbeeren, Himbeeren und Erdbeeren zerstreut sich in ein blumiges Netz aus weicher Rose und Veilchen. Die Chemie dieses duftenden Erlebnisses ist unvergesslich und wird sanft mit einer Basis aus Vanilleholz, Bernstein und Moschus veredelt.<br \/>\nBringen Sie Ihren Lieblingsduft ganz einfach zu Ihnen nach Hause. Legen Sie einfach ein kleines Wachsst\u00c3\u00bcck in einen Bridgewater-Wachsbrenner. Wenn das Wachs schmilzt, wird der Duft freigesetzt. Augen zu und genie\u00c3\u009fen! Duft h\u00c3\u00a4lt bis zu 50-80 Stunden an. 6 Wachs Quadrate enthalten.<\/p>\n","protected":false},"excerpt":{"rendered":"<p>Schmelzen Sie diese Wachstst\u00fccke, lehnen Sie sich zur\u00fcck und genie\u00dfen Sie Ihr duftendes Zimmer.<br \/>\n<strong style=\"font-size: 14.4px;\">Brenndauer<\/strong><span style=\"font-size: 14.4px;\">: 50-80 Stunden<\/span><\/p>\n<p><strong>Kopfnote: <\/strong>Black Currant,Raspberry &#038; Strawberry<br \/>\n<strong>Herznote: <\/strong>Rose &#038; Violet<br \/>\n<strong>Basisnote: <\/strong> Vanilla,Amber &#038; Musk<\/p>\n","protected":false},"featured_media":13456,"comment_status":"open","ping_status":"open","template":"","meta":[],"product_brand":[],"product_cat":[1131,1142,1156,1148],"product_tag":[],"class_list":{"0":"post-15875","1":"product","2":"type-product","3":"status-publish","4":"has-post-thumbnail","6":"product_cat-bridgewater-de","7":"product_cat-fruchtig","8":"product_cat-kiss-in-the-rain-de","9":"product_cat-waxbars","11":"first","12":"instock","13":"taxable","14":"shipping-taxable","15":"product-type-simple"},"_links":{"self":[{"href":"https:\/\/www.bridgewatercandles.nl\/de\/wp-json\/wp\/v2\/product\/15875","targetHints":{"allow":["GET"]}}],"collection":[{"href":"https:\/\/www.bridgewatercandles.nl\/de\/wp-json\/wp\/v2\/product"}],"about":[{"href":"https:\/\/www.bridgewatercandles.nl\/de\/wp-json\/wp\/v2\/types\/product"}],"replies":[{"embeddable":true,"href":"https:\/\/www.bridgewatercandles.nl\/de\/wp-json\/wp\/v2\/comments?post=15875"}],"wp:featuredmedia":[{"embeddable":true,"href":"https:\/\/www.bridgewatercandles.nl\/de\/wp-json\/wp\/v2\/media\/13456"}],"wp:attachment":[{"href":"https:\/\/www.bridgewatercandles.nl\/de\/wp-json\/wp\/v2\/media?parent=15875"}],"wp:term":[{"taxonomy":"product_brand","embeddable":true,"href":"https:\/\/www.bridgewatercandles.nl\/de\/wp-json\/wp\/v2\/product_brand?post=15875"},{"taxonomy":"product_cat","embeddable":true,"href":"https:\/\/www.bridgewatercandles.nl\/de\/wp-json\/wp\/v2\/product_cat?post=15875"},{"taxonomy":"product_tag","embeddable":true,"href":"https:\/\/www.bridgewatercandles.nl\/de\/wp-json\/wp\/v2\/product_tag?post=15875"}],"curies":[{"name":"wp","href":"https:\/\/api.w.org\/{rel}","templated":true}]}}