{"id":15862,"date":"2020-11-17T14:39:51","date_gmt":"2020-11-17T13:39:51","guid":{"rendered":"https:\/\/www.bridgewatercandles.nl\/product\/wax-bar-nantucket-coast\/"},"modified":"2025-11-27T17:34:48","modified_gmt":"2025-11-27T16:34:48","slug":"wax-bar-nantucket-coast","status":"publish","type":"product","link":"https:\/\/www.bridgewatercandles.nl\/de\/produkt\/wax-bar-nantucket-coast\/","title":{"rendered":"Duftwachs Nantucket Coast"},"content":{"rendered":"<p>Der Duft Nantucket Coast schafft eine Flut aller D\u00c3\u00bcfte des Meeres und verbindet die Markenzeichen des tiefblauen Wassers mit einem Duft, der sowohl subtil und gleichzeitig majest\u00c3\u00a4tisch ist. Frische Gurke, Melone und Mandarine legen sich sanft \u00c3\u00bcber Kr\u00c3\u00a4utersalbei und Basilikum. Eine leichte Briese von Patschuli und Moschus verleihen dem Duft eine erdige S\u00c3\u00bc\u00c3\u009fe.<br \/>\nBringen Sie Ihren Lieblingsduft ganz einfach zu Ihnen nach Hause. Legen Sie einfach ein kleines Wachsst\u00c3\u00bcck in einen Bridgewater-Wachsbrenner. Wenn das Wachs schmilzt, wird der Duft freigesetzt. Augen zu und genie\u00c3\u009fen! Duft h\u00c3\u00a4lt bis zu 50-80 Stunden an. 6 Wachs Quadrate enthalten.<\/p>\n","protected":false},"excerpt":{"rendered":"<p>Schmelzen Sie diese Wachstst\u00fccke, lehnen Sie sich zur\u00fcck und genie\u00dfen Sie Ihr duftendes Zimmer.<br \/>\n<strong style=\"font-size: 14.4px;\">Brenndauer<\/strong><span style=\"font-size: 14.4px;\">: 50-80 Stunden<\/span><\/p>\n<p><strong>Kopfnote: <\/strong>Cucumber, Melon &amp; Mandarin<br \/>\n<strong>Herznote: <\/strong>Sage &amp; Basil<br \/>\n<strong>Basisnote: <\/strong> Patchouli &amp; Musk<\/p>\n","protected":false},"featured_media":13523,"comment_status":"open","ping_status":"open","template":"","meta":[],"product_brand":[],"product_cat":[1131,1141,1161,1148],"product_tag":[],"class_list":{"0":"post-15862","1":"product","2":"type-product","3":"status-publish","4":"has-post-thumbnail","6":"product_cat-bridgewater-de","7":"product_cat-frisch","8":"product_cat-nantucket-coast-de","9":"product_cat-waxbars","11":"first","12":"instock","13":"taxable","14":"shipping-taxable","15":"product-type-simple"},"_links":{"self":[{"href":"https:\/\/www.bridgewatercandles.nl\/de\/wp-json\/wp\/v2\/product\/15862","targetHints":{"allow":["GET"]}}],"collection":[{"href":"https:\/\/www.bridgewatercandles.nl\/de\/wp-json\/wp\/v2\/product"}],"about":[{"href":"https:\/\/www.bridgewatercandles.nl\/de\/wp-json\/wp\/v2\/types\/product"}],"replies":[{"embeddable":true,"href":"https:\/\/www.bridgewatercandles.nl\/de\/wp-json\/wp\/v2\/comments?post=15862"}],"wp:featuredmedia":[{"embeddable":true,"href":"https:\/\/www.bridgewatercandles.nl\/de\/wp-json\/wp\/v2\/media\/13523"}],"wp:attachment":[{"href":"https:\/\/www.bridgewatercandles.nl\/de\/wp-json\/wp\/v2\/media?parent=15862"}],"wp:term":[{"taxonomy":"product_brand","embeddable":true,"href":"https:\/\/www.bridgewatercandles.nl\/de\/wp-json\/wp\/v2\/product_brand?post=15862"},{"taxonomy":"product_cat","embeddable":true,"href":"https:\/\/www.bridgewatercandles.nl\/de\/wp-json\/wp\/v2\/product_cat?post=15862"},{"taxonomy":"product_tag","embeddable":true,"href":"https:\/\/www.bridgewatercandles.nl\/de\/wp-json\/wp\/v2\/product_tag?post=15862"}],"curies":[{"name":"wp","href":"https:\/\/api.w.org\/{rel}","templated":true}]}}