{"id":15858,"date":"2020-11-17T14:39:59","date_gmt":"2020-11-17T13:39:59","guid":{"rendered":"https:\/\/www.bridgewatercandles.nl\/product\/wax-bar-azalea-oak\/"},"modified":"2025-08-28T17:50:04","modified_gmt":"2025-08-28T15:50:04","slug":"wax-bar-azalea-oak","status":"publish","type":"product","link":"https:\/\/www.bridgewatercandles.nl\/de\/produkt\/wax-bar-azalea-oak\/","title":{"rendered":"Duftwachs Azalea &amp; Oak"},"content":{"rendered":"<p>Inspiriert von idyllischen Fr\u00c3\u00bchlingsspazierg\u00c3\u00a4ngen unter majest\u00c3\u00a4tischen B\u00c3\u00a4umen, die mit Moos und einer bl\u00c3\u00bchenden Bl\u00c3\u00a4tterpracht bedeckt sind, von strahlendem Azaleen- und Eichenholz mit blumiger S\u00c3\u00bc\u00c3\u009fe, die durch holzige Noten ausgeglichen wird. Belebende Grapefruit und ein s\u00c3\u00bc\u00c3\u009fer Grasduft verleihen eine luftige Frische, die von einem Trio ikonischer Bl\u00c3\u00bcten aus dem S\u00c3\u00bcden bezaubert wird. Magnolie, Azalee und Gardenie werden zusammen mit Eiche und Moos in diesem weichen, blumigen Duft vereint.<br \/>\nBringen Sie Ihren Lieblingsduft ganz einfach zu Ihnen nach Hause. Legen Sie einfach ein kleines Wachsst\u00c3\u00bcck in einen Bridgewater-Wachsbrenner. Wenn das Wachs schmilzt, wird der Duft freigesetzt. Augen zu und genie\u00c3\u009fen! Duft h\u00c3\u00a4lt bis zu 50-80 Stunden an. 6 Wachs Quadrate enthalten.<\/p>\n","protected":false},"excerpt":{"rendered":"<p>Schmelzen Sie diese Wachstst\u00fccke, lehnen Sie sich zur\u00fcck und genie\u00dfen Sie Ihr duftendes Zimmer.<br \/>\n<strong style=\"font-size: 14.4px;\">Brenndauer<\/strong><span style=\"font-size: 14.4px;\">: 50-80 Stunden<\/span><\/p>\n<p><strong>Kopfnote: <\/strong>Magnolia<br \/>\n<strong>Herznote: <\/strong>Azalea &amp; Gardenia<br \/>\n<strong>Basisnote: <\/strong> Oak &amp; Moss<\/p>\n","protected":false},"featured_media":13552,"comment_status":"open","ping_status":"open","template":"","meta":[],"product_brand":[],"product_cat":[],"product_tag":[],"class_list":{"0":"post-15858","1":"product","2":"type-product","3":"status-publish","4":"has-post-thumbnail","6":"pif-has-gallery","8":"first","9":"outofstock","10":"taxable","11":"shipping-taxable","12":"product-type-simple"},"_links":{"self":[{"href":"https:\/\/www.bridgewatercandles.nl\/de\/wp-json\/wp\/v2\/product\/15858","targetHints":{"allow":["GET"]}}],"collection":[{"href":"https:\/\/www.bridgewatercandles.nl\/de\/wp-json\/wp\/v2\/product"}],"about":[{"href":"https:\/\/www.bridgewatercandles.nl\/de\/wp-json\/wp\/v2\/types\/product"}],"replies":[{"embeddable":true,"href":"https:\/\/www.bridgewatercandles.nl\/de\/wp-json\/wp\/v2\/comments?post=15858"}],"wp:featuredmedia":[{"embeddable":true,"href":"https:\/\/www.bridgewatercandles.nl\/de\/wp-json\/wp\/v2\/media\/13552"}],"wp:attachment":[{"href":"https:\/\/www.bridgewatercandles.nl\/de\/wp-json\/wp\/v2\/media?parent=15858"}],"wp:term":[{"taxonomy":"product_brand","embeddable":true,"href":"https:\/\/www.bridgewatercandles.nl\/de\/wp-json\/wp\/v2\/product_brand?post=15858"},{"taxonomy":"product_cat","embeddable":true,"href":"https:\/\/www.bridgewatercandles.nl\/de\/wp-json\/wp\/v2\/product_cat?post=15858"},{"taxonomy":"product_tag","embeddable":true,"href":"https:\/\/www.bridgewatercandles.nl\/de\/wp-json\/wp\/v2\/product_tag?post=15858"}],"curies":[{"name":"wp","href":"https:\/\/api.w.org\/{rel}","templated":true}]}}