{"id":15855,"date":"2020-11-17T14:40:11","date_gmt":"2020-11-17T13:40:11","guid":{"rendered":"https:\/\/www.bridgewatercandles.nl\/product\/wax-bar-wind-down\/"},"modified":"2025-08-28T17:50:13","modified_gmt":"2025-08-28T15:50:13","slug":"wax-bar-wind-down","status":"publish","type":"product","link":"https:\/\/www.bridgewatercandles.nl\/de\/produkt\/wax-bar-wind-down\/","title":{"rendered":"Duftwachs Wind Down"},"content":{"rendered":"<p>Als Verk\u00c3\u00b6rperung von Gelassenheit fl\u00c3\u00bcstert Wind Down in Kr\u00c3\u00a4utert\u00c3\u00b6nen von pfeffriger Minze, beruhigendem Lavendel und s\u00c3\u00bc\u00c3\u009fer Kamille. Eine Unterton von sanfter Erde entsteht durch Schwertlilien Noten, die mit gr\u00c3\u00bcner Geranie und w\u00c3\u00bcrziger Nelke verwurzelt sind sind. Sauberer, sanfter wei\u00c3\u009fer Moschus und cremiges Sandelholz sorgen f\u00c3\u00bcr Ruhe und Harmonie.<br \/>\nBringen Sie Ihren Lieblingsduft ganz einfach zu Ihnen nach Hause. Legen Sie einfach ein kleines Wachsst\u00c3\u00bcck in einen Bridgewater-Wachsbrenner. Wenn das Wachs schmilzt, wird der Duft freigesetzt. Augen zu und genie\u00c3\u009fen! Duft h\u00c3\u00a4lt bis zu 50-80 Stunden an. 6 Wachs Quadrate enthalten.<\/p>\n","protected":false},"excerpt":{"rendered":"<p>Schmelzen Sie diese Wachstst\u00fccke, lehnen Sie sich zur\u00fcck und genie\u00dfen Sie Ihr duftendes Zimmer.<br \/>\n<strong style=\"font-size: 14.4px;\">Brenndauer<\/strong><span style=\"font-size: 14.4px;\">: 50-80 Stunden<\/span><\/p>\n<p><strong>Kopfnote: <\/strong>Peppermint, Lavender &#038; Chamomile<br \/>\n<strong>Herznote: <\/strong>Iris,Green Geranium &#038; Clove<br \/>\n<strong>Basisnote: <\/strong> Musk &#038; Sandalwood<\/p>\n","protected":false},"featured_media":13573,"comment_status":"open","ping_status":"open","template":"","meta":[],"product_brand":[],"product_cat":[],"product_tag":[],"class_list":{"0":"post-15855","1":"product","2":"type-product","3":"status-publish","4":"has-post-thumbnail","6":"pif-has-gallery","8":"first","9":"outofstock","10":"taxable","11":"shipping-taxable","12":"product-type-simple"},"_links":{"self":[{"href":"https:\/\/www.bridgewatercandles.nl\/de\/wp-json\/wp\/v2\/product\/15855","targetHints":{"allow":["GET"]}}],"collection":[{"href":"https:\/\/www.bridgewatercandles.nl\/de\/wp-json\/wp\/v2\/product"}],"about":[{"href":"https:\/\/www.bridgewatercandles.nl\/de\/wp-json\/wp\/v2\/types\/product"}],"replies":[{"embeddable":true,"href":"https:\/\/www.bridgewatercandles.nl\/de\/wp-json\/wp\/v2\/comments?post=15855"}],"wp:featuredmedia":[{"embeddable":true,"href":"https:\/\/www.bridgewatercandles.nl\/de\/wp-json\/wp\/v2\/media\/13573"}],"wp:attachment":[{"href":"https:\/\/www.bridgewatercandles.nl\/de\/wp-json\/wp\/v2\/media?parent=15855"}],"wp:term":[{"taxonomy":"product_brand","embeddable":true,"href":"https:\/\/www.bridgewatercandles.nl\/de\/wp-json\/wp\/v2\/product_brand?post=15855"},{"taxonomy":"product_cat","embeddable":true,"href":"https:\/\/www.bridgewatercandles.nl\/de\/wp-json\/wp\/v2\/product_cat?post=15855"},{"taxonomy":"product_tag","embeddable":true,"href":"https:\/\/www.bridgewatercandles.nl\/de\/wp-json\/wp\/v2\/product_tag?post=15855"}],"curies":[{"name":"wp","href":"https:\/\/api.w.org\/{rel}","templated":true}]}}