{"id":15788,"date":"2020-11-18T22:16:03","date_gmt":"2020-11-18T21:16:03","guid":{"rendered":"https:\/\/www.bridgewatercandles.nl\/product\/wax-bar-after-the-rain\/"},"modified":"2025-08-28T17:50:16","modified_gmt":"2025-08-28T15:50:16","slug":"wax-bar-after-the-rain","status":"publish","type":"product","link":"https:\/\/www.bridgewatercandles.nl\/de\/produkt\/wax-bar-after-the-rain\/","title":{"rendered":"Duftwachs After The Rain"},"content":{"rendered":"<p>Die leichten, saftigen Note von Apfel und Kiwi vermischen sich mit moschusartigen, erdigen Noten von Patchouli und Moos. After the Rain \u00c3\u00a4hnelt dem nostalgischen, ozonischen Duft, der nach einem lang ersehnten Regenfall zur\u00c3\u00bcckbleibt. Er macht Lust, die Regenstiefel anzuziehen, spazieren zu gehen und sich von der Ruhe einh\u00c3\u00bcllen zu lassen, die auf den Sturm folgt.<br \/>\nBringen Sie Ihren Lieblingsduft ganz einfach zu Ihnen nach Hause. Legen Sie einfach ein kleines Wachsst\u00c3\u00bcck in einen Bridgewater-Wachsbrenner. Wenn das Wachs schmilzt, wird der Duft freigesetzt. Augen zu und genie\u00c3\u009fen! Duft h\u00c3\u00a4lt bis zu 50-80 Stunden an. 6 Wachs Quadrate enthalten.<\/p>\n","protected":false},"excerpt":{"rendered":"<p>Schmelzen Sie diese Wachstst\u00fccke, lehnen Sie sich zur\u00fcck und genie\u00dfen Sie Ihr duftendes Zimmer.<br \/>\n<strong style=\"font-size: 14.4px;\">Brenndauer<\/strong><span style=\"font-size: 14.4px;\">: 50-80 Stunden<\/span><\/p>\n<p><strong>Kopfnote: <\/strong>Alheydic, Metallic,<br \/>\nOzonic, Galbanum<br \/>\n<strong>Herznote: <\/strong>Green Watery, Juicy<br \/>\nApple, Kiwi<br \/>\n<strong>Basisnote: <\/strong> Damp Earth,<br \/>\nPatchouli,<br \/>\nMushroom, Moss<\/p>\n","protected":false},"featured_media":16557,"comment_status":"open","ping_status":"open","template":"","meta":[],"product_brand":[],"product_cat":[],"product_tag":[],"class_list":{"0":"post-15788","1":"product","2":"type-product","3":"status-publish","4":"has-post-thumbnail","7":"first","8":"outofstock","9":"taxable","10":"shipping-taxable","11":"product-type-simple"},"_links":{"self":[{"href":"https:\/\/www.bridgewatercandles.nl\/de\/wp-json\/wp\/v2\/product\/15788","targetHints":{"allow":["GET"]}}],"collection":[{"href":"https:\/\/www.bridgewatercandles.nl\/de\/wp-json\/wp\/v2\/product"}],"about":[{"href":"https:\/\/www.bridgewatercandles.nl\/de\/wp-json\/wp\/v2\/types\/product"}],"replies":[{"embeddable":true,"href":"https:\/\/www.bridgewatercandles.nl\/de\/wp-json\/wp\/v2\/comments?post=15788"}],"wp:featuredmedia":[{"embeddable":true,"href":"https:\/\/www.bridgewatercandles.nl\/de\/wp-json\/wp\/v2\/media\/16557"}],"wp:attachment":[{"href":"https:\/\/www.bridgewatercandles.nl\/de\/wp-json\/wp\/v2\/media?parent=15788"}],"wp:term":[{"taxonomy":"product_brand","embeddable":true,"href":"https:\/\/www.bridgewatercandles.nl\/de\/wp-json\/wp\/v2\/product_brand?post=15788"},{"taxonomy":"product_cat","embeddable":true,"href":"https:\/\/www.bridgewatercandles.nl\/de\/wp-json\/wp\/v2\/product_cat?post=15788"},{"taxonomy":"product_tag","embeddable":true,"href":"https:\/\/www.bridgewatercandles.nl\/de\/wp-json\/wp\/v2\/product_tag?post=15788"}],"curies":[{"name":"wp","href":"https:\/\/api.w.org\/{rel}","templated":true}]}}