{"id":15770,"date":"2020-12-08T10:36:05","date_gmt":"2020-12-08T09:36:05","guid":{"rendered":"https:\/\/www.bridgewatercandles.nl\/product\/aroma-diffuser-lotus-pearl-2\/"},"modified":"2024-05-05T17:56:46","modified_gmt":"2024-05-05T15:56:46","slug":"aroma-diffuser-lotus-pearl-2-3","status":"publish","type":"product","link":"https:\/\/www.bridgewatercandles.nl\/de\/produkt\/aroma-diffuser-lotus-pearl-2-3\/","title":{"rendered":"Aroma Diffuser Lotus Pearl (2)"},"content":{"rendered":"<p>Wussten Sie, dass trockene Luft im Haus Gesundheitsbeschwerden verursachen kann, wie Halsbeschwerden, Kopfschmerzen und Ersch\u00c3\u00b6pfung? Auch ist trockene Luft problematisch f\u00c3\u00bcr Holzdielen und elektronische Ger\u00c3\u00a4te. Der kalte Dampf von unseren Diffusern sorgt f\u00c3\u00bcr eine angenehme Luftfeuchtigkeit und sch\u00c3\u00bctzt Sie so vor diesen Problemen.<\/p>\n<p>Ein tolles Kombi-Produkt und ein essentielles Ger\u00c3\u00a4t f\u00c3\u00bcr Ihr Zuhause. <\/p>\n<p>Beachten Sie: Ger\u00c3\u00a4t muss auf 220V angeschlossen werden.<\/p>\n","protected":false},"excerpt":{"rendered":"<p>Unsere Aroma Diffuser mit Ultraschalltechnologie aus Glas sind sowohl innovativ als auch stilvoll! <\/p>\n<p>Mit einer modernen Technologie werden \u00e4therische \u00d6le verbreitet. Der herausstr\u00f6hmende Dampf ist kalt und somit eine sichere Art und Weise, Duft im Raum zu verbreiten. Mittels vibrierender Wassermolek\u00fcle produziert der Diffuser einen feinen Dunst, welcher mithilfe von einem Luftstrom mit den \u00e4therischen \u00d6len gemischt wird. <\/p>\n<p>Es kann so einfach sein, Ihren liebsten Bridgewaterduft im ganzen Haus zu verbreiten!<\/p>\n","protected":false},"featured_media":0,"comment_status":"open","ping_status":"open","template":"","meta":[],"product_brand":[],"product_cat":[],"product_tag":[],"class_list":{"0":"post-15770","1":"product","2":"type-product","3":"status-publish","6":"first","7":"outofstock","8":"taxable","9":"shipping-taxable","10":"product-type-simple"},"_links":{"self":[{"href":"https:\/\/www.bridgewatercandles.nl\/de\/wp-json\/wp\/v2\/product\/15770","targetHints":{"allow":["GET"]}}],"collection":[{"href":"https:\/\/www.bridgewatercandles.nl\/de\/wp-json\/wp\/v2\/product"}],"about":[{"href":"https:\/\/www.bridgewatercandles.nl\/de\/wp-json\/wp\/v2\/types\/product"}],"replies":[{"embeddable":true,"href":"https:\/\/www.bridgewatercandles.nl\/de\/wp-json\/wp\/v2\/comments?post=15770"}],"wp:attachment":[{"href":"https:\/\/www.bridgewatercandles.nl\/de\/wp-json\/wp\/v2\/media?parent=15770"}],"wp:term":[{"taxonomy":"product_brand","embeddable":true,"href":"https:\/\/www.bridgewatercandles.nl\/de\/wp-json\/wp\/v2\/product_brand?post=15770"},{"taxonomy":"product_cat","embeddable":true,"href":"https:\/\/www.bridgewatercandles.nl\/de\/wp-json\/wp\/v2\/product_cat?post=15770"},{"taxonomy":"product_tag","embeddable":true,"href":"https:\/\/www.bridgewatercandles.nl\/de\/wp-json\/wp\/v2\/product_tag?post=15770"}],"curies":[{"name":"wp","href":"https:\/\/api.w.org\/{rel}","templated":true}]}}